{"id":639,"date":"2018-03-18T09:10:25","date_gmt":"2018-03-18T09:10:25","guid":{"rendered":"http:\/\/jesus-inside.de\/?page_id=639"},"modified":"2018-03-18T11:12:09","modified_gmt":"2018-03-18T11:12:09","slug":"journal","status":"publish","type":"page","link":"https:\/\/jesus-inside.de\/?page_id=639","title":{"rendered":"Journal"},"content":{"rendered":"<div id=\"pl-639\"  class=\"panel-layout\" ><div id=\"pg-639-0\"  class=\"panel-grid panel-no-style\" ><div id=\"pgc-639-0-0\"  class=\"panel-grid-cell\" ><div id=\"panel-639-0-0-0\" class=\"so-panel widget widget_sow-editor panel-first-child\" data-index=\"0\" ><div class=\"so-widget-sow-editor so-widget-sow-editor-base\">\n<div class=\"siteorigin-widget-tinymce textwidget\">\n\t<p>Unter der Rubrik \u201eJournal\u201c erscheinen ab M\u00e4rz 2018 in unregelm\u00e4\u00dfigen Abst\u00e4nden Artikel, die sich an Menschen wendet, die Jesus nachfolgen wollen. Das verl\u00e4uft in der Tat nicht immer reibungslos. Das Journal greift nun solche Spannungsfelder heraus, thematisiert diese und zeigt Perspektiven auf, wie es weitergehen k\u00f6nnte.<\/p>\n<\/div>\n<\/div><\/div><div id=\"panel-639-0-0-1\" class=\"so-panel widget widget_siteorigin-panels-postloop panel-last-child\" data-index=\"1\" >\n<div class=\"ultra-left-thumb-loop\">\n\t\n\t<article id=\"post-812\" class=\"featured-image post-812 post type-post status-publish format-standard has-post-thumbnail hentry category-journal\">\n\t\t\t\t\t<div class=\"entry-thumbnail\">\n\t\t\t\t<a href=\"https:\/\/jesus-inside.de\/?p=812\" title=\"Erf\u00fcllt oder voll? Teil II\">\n\t\t\t\t\t<img width=\"422\" height=\"528\" src=\"https:\/\/jesus-inside.de\/wp-content\/uploads\/2018\/10\/Erf\u00fcllt-oder-Voll.jpg\" class=\"attachment-post-thumbnail size-post-thumbnail wp-post-image\" alt=\"\" loading=\"lazy\" srcset=\"https:\/\/jesus-inside.de\/wp-content\/uploads\/2018\/10\/Erf\u00fcllt-oder-Voll.jpg 422w, https:\/\/jesus-inside.de\/wp-content\/uploads\/2018\/10\/Erf\u00fcllt-oder-Voll-240x300.jpg 240w\" sizes=\"(max-width: 422px) 100vw, 422px\" \/>\t\t\t\t<\/a>\t\n\t\t\t<\/div>\t\t\n\t\t\t\t<header class=\"entry-header\">\n\t\t\t<h2 class=\"entry-title\"><a href=\"https:\/\/jesus-inside.de\/?p=812\" rel=\"bookmark\">Erf\u00fcllt oder voll? Teil II<\/a><\/h2>\n\t\t\t\t\t\t<div class=\"entry-meta\">\n\t\t\t\t<div class=\"entry-meta-inner\"><span class=\"entry-date\"><a href=\"https:\/\/jesus-inside.de\/?p=812\" rel=\"bookmark\"><time class=\"published\" datetime=\"2018-10-23T14:56:41+00:00\">23 Oktober 2018<\/time><time class=\"updated\" datetime=\"2018-10-23T14:59:35+00:00\">Oktober 23, 2018<\/time><\/span><\/a><\/div>\t\t\t<\/div><!-- .entry-meta -->\n\t\t\t\t\t<\/header><!-- .entry-header -->\n\n\t\t<div class=\"entry-content\">\n\t\t\t<div>In der Bibel finden wir etliche Beispiele von Menschen, die das Alte verlie\u00dfen, um Neues zu empfangen. Abraham verlie\u00df sein Land, Maria von Bethanien ihre Mitgift, Zach\u00e4us sein Geld.<\/div>\n<div>Wenn wir etwas Neues wollen, dann ruft uns Gott oft auf, das Alte loszulassen. Das erfordert Mut und st\u00f6\u00dft in der n\u00e4heren Umgebung nicht immer auf Beifall: Wie bei Maria von Bethanien oder Zach\u00e4us. Oder wir wissen noch gar nicht so genau, wie das Neue aussieht, wie es dort sein wird: wie bei Abraham. Wir wissen nur: So geht es nicht weiter und verlassen dann das Alte.<span class=\"more-wrapper\"><a class=\"more-link button\" href=\"https:\/\/jesus-inside.de\/?p=812\">Weiterlesen<\/a><\/span><\/div>\n\n\t\t\t\t\t<\/div><!-- .entry-content -->\n\n\t\t<div class=\"clear\"><\/div>\n\n\t\t<footer class=\"entry-footer\">\n\t\t\t\t\t<\/footer><!-- .entry-footer -->\n\n\t<\/article><!-- #post-## -->\n\n\t\t\n\t<article id=\"post-808\" class=\"featured-image post-808 post type-post status-publish format-standard has-post-thumbnail hentry category-journal\">\n\t\t\t\t\t<div class=\"entry-thumbnail\">\n\t\t\t\t<a href=\"https:\/\/jesus-inside.de\/?p=808\" title=\"Erf\u00fcllt oder voll? Teil I\">\n\t\t\t\t\t<img width=\"422\" height=\"528\" src=\"https:\/\/jesus-inside.de\/wp-content\/uploads\/2018\/10\/Erf\u00fcllt-oder-Voll.jpg\" class=\"attachment-post-thumbnail size-post-thumbnail wp-post-image\" alt=\"\" loading=\"lazy\" srcset=\"https:\/\/jesus-inside.de\/wp-content\/uploads\/2018\/10\/Erf\u00fcllt-oder-Voll.jpg 422w, https:\/\/jesus-inside.de\/wp-content\/uploads\/2018\/10\/Erf\u00fcllt-oder-Voll-240x300.jpg 240w\" sizes=\"(max-width: 422px) 100vw, 422px\" \/>\t\t\t\t<\/a>\t\n\t\t\t<\/div>\t\t\n\t\t\t\t<header class=\"entry-header\">\n\t\t\t<h2 class=\"entry-title\"><a href=\"https:\/\/jesus-inside.de\/?p=808\" rel=\"bookmark\">Erf\u00fcllt oder voll? Teil I<\/a><\/h2>\n\t\t\t\t\t\t<div class=\"entry-meta\">\n\t\t\t\t<div class=\"entry-meta-inner\"><span class=\"entry-date\"><a href=\"https:\/\/jesus-inside.de\/?p=808\" rel=\"bookmark\"><time class=\"published\" datetime=\"2018-10-23T14:53:30+00:00\">23 Oktober 2018<\/time><time class=\"updated\" datetime=\"2018-10-23T15:00:39+00:00\">Oktober 23, 2018<\/time><\/span><\/a><\/div>\t\t\t<\/div><!-- .entry-meta -->\n\t\t\t\t\t<\/header><!-- .entry-header -->\n\n\t\t<div class=\"entry-content\">\n\t\t\t<p>Wenn wir ehrlich sind, geht es uns oft so: Wir sind randvoll! Nicht unbedingt mit Bier oder Alkohol, sondern mit den t\u00e4glichen Dingen des Lebens.<br \/>\nIn Gespr\u00e4chen mit vielen Mitarbeitern in christlichen Gruppen und Gemeinschaften bin ich in letzter Zeit immer wieder auf ein Ph\u00e4nomen gesto\u00dfen: Die Klage \u00fcber das Lebensgef\u00fchl: \u201eIch bin randvoll, es ist mir zu viel, mir reicht es jetzt eigentlich!\u201c Kennt ihr das?<br \/>\n<span class=\"more-wrapper\"><a class=\"more-link button\" href=\"https:\/\/jesus-inside.de\/?p=808\">Weiterlesen<\/a><\/span><\/p>\n\n\t\t\t\t\t<\/div><!-- .entry-content -->\n\n\t\t<div class=\"clear\"><\/div>\n\n\t\t<footer class=\"entry-footer\">\n\t\t\t\t\t<\/footer><!-- .entry-footer -->\n\n\t<\/article><!-- #post-## -->\n\n\t\t\n\t<article id=\"post-783\" class=\"featured-image post-783 post type-post status-publish format-standard has-post-thumbnail hentry category-journal\">\n\t\t\t\t\t<div class=\"entry-thumbnail\">\n\t\t\t\t<a href=\"https:\/\/jesus-inside.de\/?p=783\" title=\"Die vergessene Kunst des Wartens Teil I\">\n\t\t\t\t\t<img width=\"554\" height=\"362\" src=\"https:\/\/jesus-inside.de\/wp-content\/uploads\/2018\/04\/Die-vergessene-Kunst-des-Wartens.jpg\" class=\"attachment-post-thumbnail size-post-thumbnail wp-post-image\" alt=\"\" loading=\"lazy\" srcset=\"https:\/\/jesus-inside.de\/wp-content\/uploads\/2018\/04\/Die-vergessene-Kunst-des-Wartens.jpg 554w, https:\/\/jesus-inside.de\/wp-content\/uploads\/2018\/04\/Die-vergessene-Kunst-des-Wartens-300x196.jpg 300w\" sizes=\"(max-width: 554px) 100vw, 554px\" \/>\t\t\t\t<\/a>\t\n\t\t\t<\/div>\t\t\n\t\t\t\t<header class=\"entry-header\">\n\t\t\t<h2 class=\"entry-title\"><a href=\"https:\/\/jesus-inside.de\/?p=783\" rel=\"bookmark\">Die vergessene Kunst des Wartens Teil I<\/a><\/h2>\n\t\t\t\t\t\t<div class=\"entry-meta\">\n\t\t\t\t<div class=\"entry-meta-inner\"><span class=\"entry-date\"><a href=\"https:\/\/jesus-inside.de\/?p=783\" rel=\"bookmark\"><time class=\"published\" datetime=\"2018-04-25T04:32:07+00:00\">25 April 2018<\/time><time class=\"updated\" datetime=\"2018-04-25T04:49:05+00:00\">April 25, 2018<\/time><\/span><\/a><\/div>\t\t\t<\/div><!-- .entry-meta -->\n\t\t\t\t\t<\/header><!-- .entry-header -->\n\n\t\t<div class=\"entry-content\">\n\t\t\t<p>In den Gleichnissen Jesu wie auch in der Kirchengeschichte spielen zwei gro\u00dfe Gedanken immer wieder eine Rolle: <strong>S\u00e4en und Ernten<\/strong><span class=\"more-wrapper\"><a class=\"more-link button\" href=\"https:\/\/jesus-inside.de\/?p=783\">Weiterlesen<\/a><\/span><\/p>\n\n\t\t\t\t\t<\/div><!-- .entry-content -->\n\n\t\t<div class=\"clear\"><\/div>\n\n\t\t<footer class=\"entry-footer\">\n\t\t\t\t\t<\/footer><!-- .entry-footer -->\n\n\t<\/article><!-- #post-## -->\n\n\t\t\n\t<article id=\"post-786\" class=\"featured-image post-786 post type-post status-publish format-standard has-post-thumbnail hentry category-journal\">\n\t\t\t\t\t<div class=\"entry-thumbnail\">\n\t\t\t\t<a href=\"https:\/\/jesus-inside.de\/?p=786\" title=\"Die vergessene Kunst des Wartens Teil II\">\n\t\t\t\t\t<img width=\"554\" height=\"362\" src=\"https:\/\/jesus-inside.de\/wp-content\/uploads\/2018\/04\/Die-vergessene-Kunst-des-Wartens.jpg\" class=\"attachment-post-thumbnail size-post-thumbnail wp-post-image\" alt=\"\" loading=\"lazy\" srcset=\"https:\/\/jesus-inside.de\/wp-content\/uploads\/2018\/04\/Die-vergessene-Kunst-des-Wartens.jpg 554w, https:\/\/jesus-inside.de\/wp-content\/uploads\/2018\/04\/Die-vergessene-Kunst-des-Wartens-300x196.jpg 300w\" sizes=\"(max-width: 554px) 100vw, 554px\" \/>\t\t\t\t<\/a>\t\n\t\t\t<\/div>\t\t\n\t\t\t\t<header class=\"entry-header\">\n\t\t\t<h2 class=\"entry-title\"><a href=\"https:\/\/jesus-inside.de\/?p=786\" rel=\"bookmark\">Die vergessene Kunst des Wartens Teil II<\/a><\/h2>\n\t\t\t\t\t\t<div class=\"entry-meta\">\n\t\t\t\t<div class=\"entry-meta-inner\"><span class=\"entry-date\"><a href=\"https:\/\/jesus-inside.de\/?p=786\" rel=\"bookmark\"><time class=\"published\" datetime=\"2018-04-25T04:31:01+00:00\">25 April 2018<\/time><time class=\"updated\" datetime=\"2018-04-25T04:47:11+00:00\">April 25, 2018<\/time><\/span><\/a><\/div>\t\t\t<\/div><!-- .entry-meta -->\n\t\t\t\t\t<\/header><!-- .entry-header -->\n\n\t\t<div class=\"entry-content\">\n\t\t\t<p>Ich h\u00f6re Dich schon sagen: Ja, aber was sollen wir denn machen? Wie sollen wir denn nun warten: Zwischen S\u00e4en und Ernten! Einfach nichts tun und Fernsehen?<span class=\"more-wrapper\"><a class=\"more-link button\" href=\"https:\/\/jesus-inside.de\/?p=786\">Weiterlesen<\/a><\/span><\/p>\n\n\t\t\t\t\t<\/div><!-- .entry-content -->\n\n\t\t<div class=\"clear\"><\/div>\n\n\t\t<footer class=\"entry-footer\">\n\t\t\t\t\t<\/footer><!-- .entry-footer -->\n\n\t<\/article><!-- #post-## -->\n\n\t\t\n\t<article id=\"post-766\" class=\"featured-image post-766 post type-post status-publish format-standard has-post-thumbnail hentry category-journal\">\n\t\t\t\t\t<div class=\"entry-thumbnail\">\n\t\t\t\t<a href=\"https:\/\/jesus-inside.de\/?p=766\" title=\"Unsere Grenzen \u2013 \u00c4rgernis oder Segen? Teil I\">\n\t\t\t\t\t<img width=\"460\" height=\"298\" src=\"https:\/\/jesus-inside.de\/wp-content\/uploads\/2018\/04\/Unsere-Grenzen-I.jpg\" class=\"attachment-post-thumbnail size-post-thumbnail wp-post-image\" alt=\"\" loading=\"lazy\" srcset=\"https:\/\/jesus-inside.de\/wp-content\/uploads\/2018\/04\/Unsere-Grenzen-I.jpg 460w, https:\/\/jesus-inside.de\/wp-content\/uploads\/2018\/04\/Unsere-Grenzen-I-300x194.jpg 300w\" sizes=\"(max-width: 460px) 100vw, 460px\" \/>\t\t\t\t<\/a>\t\n\t\t\t<\/div>\t\t\n\t\t\t\t<header class=\"entry-header\">\n\t\t\t<h2 class=\"entry-title\"><a href=\"https:\/\/jesus-inside.de\/?p=766\" rel=\"bookmark\">Unsere Grenzen \u2013 \u00c4rgernis oder Segen? Teil I<\/a><\/h2>\n\t\t\t\t\t\t<div class=\"entry-meta\">\n\t\t\t\t<div class=\"entry-meta-inner\"><span class=\"entry-date\"><a href=\"https:\/\/jesus-inside.de\/?p=766\" rel=\"bookmark\"><time class=\"published\" datetime=\"2018-04-05T04:22:09+00:00\">5 April 2018<\/time><time class=\"updated\" datetime=\"2018-04-25T04:47:16+00:00\">April 25, 2018<\/time><\/span><\/a><\/div>\t\t\t<\/div><!-- .entry-meta -->\n\t\t\t\t\t<\/header><!-- .entry-header -->\n\n\t\t<div class=\"entry-content\">\n\t\t\t<p>Bist du in deinem Leben schon mal an deine Grenzen gesto\u00dfen? Wo es ganz klar wurde: Hier geht es nicht weiter! Was macht das mit Dir?<span class=\"more-wrapper\"><a class=\"more-link button\" href=\"https:\/\/jesus-inside.de\/?p=766\">Weiterlesen<\/a><\/span><\/p>\n\n\t\t\t\t\t<\/div><!-- .entry-content -->\n\n\t\t<div class=\"clear\"><\/div>\n\n\t\t<footer class=\"entry-footer\">\n\t\t\t\t\t<\/footer><!-- .entry-footer -->\n\n\t<\/article><!-- #post-## -->\n\n\t\t\n\t<article id=\"post-771\" class=\"featured-image post-771 post type-post status-publish format-standard has-post-thumbnail hentry category-journal\">\n\t\t\t\t\t<div class=\"entry-thumbnail\">\n\t\t\t\t<a href=\"https:\/\/jesus-inside.de\/?p=771\" title=\"Unsere Grenzen \u2013 \u00c4rgernis oder Segen? Teil II\">\n\t\t\t\t\t<img width=\"460\" height=\"298\" src=\"https:\/\/jesus-inside.de\/wp-content\/uploads\/2018\/04\/Unsere-Grenzen-I.jpg\" class=\"attachment-post-thumbnail size-post-thumbnail wp-post-image\" alt=\"\" loading=\"lazy\" srcset=\"https:\/\/jesus-inside.de\/wp-content\/uploads\/2018\/04\/Unsere-Grenzen-I.jpg 460w, https:\/\/jesus-inside.de\/wp-content\/uploads\/2018\/04\/Unsere-Grenzen-I-300x194.jpg 300w\" sizes=\"(max-width: 460px) 100vw, 460px\" \/>\t\t\t\t<\/a>\t\n\t\t\t<\/div>\t\t\n\t\t\t\t<header class=\"entry-header\">\n\t\t\t<h2 class=\"entry-title\"><a href=\"https:\/\/jesus-inside.de\/?p=771\" rel=\"bookmark\">Unsere Grenzen \u2013 \u00c4rgernis oder Segen? Teil II<\/a><\/h2>\n\t\t\t\t\t\t<div class=\"entry-meta\">\n\t\t\t\t<div class=\"entry-meta-inner\"><span class=\"entry-date\"><a href=\"https:\/\/jesus-inside.de\/?p=771\" rel=\"bookmark\"><time class=\"published\" datetime=\"2018-04-05T04:21:56+00:00\">5 April 2018<\/time><time class=\"updated\" datetime=\"2018-04-25T04:47:22+00:00\">April 25, 2018<\/time><\/span><\/a><\/div>\t\t\t<\/div><!-- .entry-meta -->\n\t\t\t\t\t<\/header><!-- .entry-header -->\n\n\t\t<div class=\"entry-content\">\n\t\t\t<div>Es gab noch jemanden, der keine Grenze f\u00fcr sich wahrhaben wollte: Luzifer! Von ihm hei\u00dft es: \u201eDu aber gedachtest in deinem Herzen: Ich will in den Himmel steigen und meinen Thron \u00fcber die Sterne Gottes erh\u00f6hen \u2026 ich will auffahren \u00fcber die hohen Wolken und gleich sein dem Allerh\u00f6chsten.\u201c (Jes. 14,13+14)<\/div>\n<p><span class=\"more-wrapper\"><a class=\"more-link button\" href=\"https:\/\/jesus-inside.de\/?p=771\">Weiterlesen<\/a><\/span><\/p>\n\n\t\t\t\t\t<\/div><!-- .entry-content -->\n\n\t\t<div class=\"clear\"><\/div>\n\n\t\t<footer class=\"entry-footer\">\n\t\t\t\t\t<\/footer><!-- .entry-footer -->\n\n\t<\/article><!-- #post-## -->\n\n\t\t\n\t<article id=\"post-666\" class=\"featured-image post-666 post type-post status-publish format-standard has-post-thumbnail hentry category-journal\">\n\t\t\t\t\t<div class=\"entry-thumbnail\">\n\t\t\t\t<a href=\"https:\/\/jesus-inside.de\/?p=666\" title=\"Arbeit ist wie Schokolade\">\n\t\t\t\t\t<img width=\"1615\" height=\"908\" src=\"https:\/\/jesus-inside.de\/wp-content\/uploads\/2018\/03\/Schokolade-mit-\u00a9.jpg\" class=\"attachment-post-thumbnail size-post-thumbnail wp-post-image\" alt=\"\" loading=\"lazy\" srcset=\"https:\/\/jesus-inside.de\/wp-content\/uploads\/2018\/03\/Schokolade-mit-\u00a9.jpg 1615w, https:\/\/jesus-inside.de\/wp-content\/uploads\/2018\/03\/Schokolade-mit-\u00a9-300x169.jpg 300w, https:\/\/jesus-inside.de\/wp-content\/uploads\/2018\/03\/Schokolade-mit-\u00a9-768x432.jpg 768w, https:\/\/jesus-inside.de\/wp-content\/uploads\/2018\/03\/Schokolade-mit-\u00a9-1024x576.jpg 1024w\" sizes=\"(max-width: 1615px) 100vw, 1615px\" \/>\t\t\t\t<\/a>\t\n\t\t\t<\/div>\t\t\n\t\t\t\t<header class=\"entry-header\">\n\t\t\t<h2 class=\"entry-title\"><a href=\"https:\/\/jesus-inside.de\/?p=666\" rel=\"bookmark\">Arbeit ist wie Schokolade<\/a><\/h2>\n\t\t\t\t\t\t<div class=\"entry-meta\">\n\t\t\t\t<div class=\"entry-meta-inner\"><span class=\"entry-date\"><a href=\"https:\/\/jesus-inside.de\/?p=666\" rel=\"bookmark\"><time class=\"published\" datetime=\"2018-03-18T09:50:44+00:00\">18 M\u00e4rz 2018<\/time><time class=\"updated\" datetime=\"2018-04-25T04:47:27+00:00\">April 25, 2018<\/time><\/span><\/a><\/div>\t\t\t<\/div><!-- .entry-meta -->\n\t\t\t\t\t<\/header><!-- .entry-header -->\n\n\t\t<div class=\"entry-content\">\n\t\t\t<p>Ich glaube, jeder von euch kennt das Gef\u00fchl, dass die momentane Arbeit einfach zu viel ist. Auf dem Schreibtisch t\u00fcrmt sich die unerledigte Arbeit, die virtuelle email Liste wird lang und l\u00e4nger, der verstopfte Abfluss in der Dusche schreit und der Anrufbeantworter f\u00fcllt sich mit Anfragen.<\/p>\n<p><span class=\"more-wrapper\"><a class=\"more-link button\" href=\"https:\/\/jesus-inside.de\/?p=666\">Weiterlesen<\/a><\/span><\/p>\n\n\t\t\t\t\t<\/div><!-- .entry-content -->\n\n\t\t<div class=\"clear\"><\/div>\n\n\t\t<footer class=\"entry-footer\">\n\t\t\t\t\t<\/footer><!-- .entry-footer -->\n\n\t<\/article><!-- #post-## -->\n\n\t\t\n\t<article id=\"post-648\" class=\"featured-image post-648 post type-post status-publish format-standard has-post-thumbnail hentry category-journal\">\n\t\t\t\t\t<div class=\"entry-thumbnail\">\n\t\t\t\t<a href=\"https:\/\/jesus-inside.de\/?p=648\" title=\"Identit\u00e4t und Berufung I\">\n\t\t\t\t\t<img width=\"400\" height=\"274\" src=\"https:\/\/jesus-inside.de\/wp-content\/uploads\/2018\/03\/Identit\u00e4t-und-Berufung-I.jpg\" class=\"attachment-post-thumbnail size-post-thumbnail wp-post-image\" alt=\"\" loading=\"lazy\" srcset=\"https:\/\/jesus-inside.de\/wp-content\/uploads\/2018\/03\/Identit\u00e4t-und-Berufung-I.jpg 400w, https:\/\/jesus-inside.de\/wp-content\/uploads\/2018\/03\/Identit\u00e4t-und-Berufung-I-300x206.jpg 300w\" sizes=\"(max-width: 400px) 100vw, 400px\" \/>\t\t\t\t<\/a>\t\n\t\t\t<\/div>\t\t\n\t\t\t\t<header class=\"entry-header\">\n\t\t\t<h2 class=\"entry-title\"><a href=\"https:\/\/jesus-inside.de\/?p=648\" rel=\"bookmark\">Identit\u00e4t und Berufung I<\/a><\/h2>\n\t\t\t\t\t\t<div class=\"entry-meta\">\n\t\t\t\t<div class=\"entry-meta-inner\"><span class=\"entry-date\"><a href=\"https:\/\/jesus-inside.de\/?p=648\" rel=\"bookmark\"><time class=\"published\" datetime=\"2018-03-18T09:36:48+00:00\">18 M\u00e4rz 2018<\/time><time class=\"updated\" datetime=\"2018-04-25T04:47:33+00:00\">April 25, 2018<\/time><\/span><\/a><\/div>\t\t\t<\/div><!-- .entry-meta -->\n\t\t\t\t\t<\/header><!-- .entry-header -->\n\n\t\t<div class=\"entry-content\">\n\t\t\t<p>Was ist meine Berufung? Wie erkenne ich sie und wie kann ich in meine Berufung hineinkommen? Klar ist: Gott hat einen Plan f\u00fcr mein Leben! So finden wir es in Epheser 2,10 wieder. Dort steht: &#8220;Denn wir sind sein Werk, geschaffen in Christus Jesus zu guten Werken, die Gott zuvor bereitet hat, dass wir darin wandeln sollen.&#8221; Doch so ohne weiteres ist uns dieser Plan, diese guten Werke nicht gegenw\u00e4rtig. Sie liegen nicht wie ein offenes Kartenspiel vor uns ausgebreitet, so dass wir unser ganzes Leben \u00fcberblicken k\u00f6nnten. <span class=\"more-wrapper\"><a class=\"more-link button\" href=\"https:\/\/jesus-inside.de\/?p=648\">Weiterlesen<\/a><\/span><\/p>\n\n\t\t\t\t\t<\/div><!-- .entry-content -->\n\n\t\t<div class=\"clear\"><\/div>\n\n\t\t<footer class=\"entry-footer\">\n\t\t\t\t\t<\/footer><!-- .entry-footer -->\n\n\t<\/article><!-- #post-## -->\n\n\t\t\n\t<article id=\"post-664\" class=\"featured-image post-664 post type-post status-publish format-standard has-post-thumbnail hentry category-journal\">\n\t\t\t\t\t<div class=\"entry-thumbnail\">\n\t\t\t\t<a href=\"https:\/\/jesus-inside.de\/?p=664\" title=\"Identit\u00e4t und Berufung II\">\n\t\t\t\t\t<img width=\"378\" height=\"350\" src=\"https:\/\/jesus-inside.de\/wp-content\/uploads\/2018\/03\/Berufungsbaum-mit-\u00a9.png\" class=\"attachment-post-thumbnail size-post-thumbnail wp-post-image\" alt=\"\" loading=\"lazy\" srcset=\"https:\/\/jesus-inside.de\/wp-content\/uploads\/2018\/03\/Berufungsbaum-mit-\u00a9.png 378w, https:\/\/jesus-inside.de\/wp-content\/uploads\/2018\/03\/Berufungsbaum-mit-\u00a9-300x278.png 300w\" sizes=\"(max-width: 378px) 100vw, 378px\" \/>\t\t\t\t<\/a>\t\n\t\t\t<\/div>\t\t\n\t\t\t\t<header class=\"entry-header\">\n\t\t\t<h2 class=\"entry-title\"><a href=\"https:\/\/jesus-inside.de\/?p=664\" rel=\"bookmark\">Identit\u00e4t und Berufung II<\/a><\/h2>\n\t\t\t\t\t\t<div class=\"entry-meta\">\n\t\t\t\t<div class=\"entry-meta-inner\"><span class=\"entry-date\"><a href=\"https:\/\/jesus-inside.de\/?p=664\" rel=\"bookmark\"><time class=\"published\" datetime=\"2018-03-17T09:46:02+00:00\">17 M\u00e4rz 2018<\/time><time class=\"updated\" datetime=\"2018-04-25T04:46:58+00:00\">April 25, 2018<\/time><\/span><\/a><\/div>\t\t\t<\/div><!-- .entry-meta -->\n\t\t\t\t\t<\/header><!-- .entry-header -->\n\n\t\t<div class=\"entry-content\">\n\t\t\t<div>Berufung ist wie ein Baum. Die Wurzeln stellen die Berufung in die Liebesgemeinschaft Gottes dar, der Stamm ist die Berufung zu einer neuen herrlichen Identit\u00e4t in Christus und die Baumkrone sind die Fr\u00fcchte und Werke unserer Berufung. Wenn Menschen nach ihrer Berufung fragen, fragen sie in der Regel nach der Baumkrone. Was soll das Ergebnis meines Lebens sein? Wie wird das aussehen? Was kann ich tun, damit die Baumkrone sch\u00f6ner, voller und gr\u00fcner wird? Viele sind in ihrem Herzen auf das Ergebnis fokussiert, wenn sie sich mit der Frage nach ihrer Berufung auseinandersetzen. Das ist aber eine falsche Betonung.<\/div>\n<p><span class=\"more-wrapper\"><a class=\"more-link button\" href=\"https:\/\/jesus-inside.de\/?p=664\">Weiterlesen<\/a><\/span><\/p>\n\n\t\t\t\t\t<\/div><!-- .entry-content -->\n\n\t\t<div class=\"clear\"><\/div>\n\n\t\t<footer class=\"entry-footer\">\n\t\t\t\t\t<\/footer><!-- .entry-footer -->\n\n\t<\/article><!-- #post-## -->\n\n\t\n\t<\/div><!-- .ultra-left-thumb-loop -->\n\n\t\n<\/div><\/div><\/div><\/div>","protected":false},"excerpt":{"rendered":"<p>Unter der Rubrik \u201eJournal\u201c erscheinen ab M\u00e4rz 2018 in unregelm\u00e4\u00dfigen Abst\u00e4nden Artikel, die sich an Menschen wendet, die Jesus nachfolgen wollen. Das verl\u00e4uft in der Tat nicht immer reibungslos. Das Journal greift nun solche Spannungsfelder heraus, thematisiert diese und zeigt Perspektiven auf, wie es weitergehen k\u00f6nnte.<\/p>\n","protected":false},"author":1,"featured_media":0,"parent":0,"menu_order":0,"comment_status":"closed","ping_status":"closed","template":"","meta":[],"_links":{"self":[{"href":"https:\/\/jesus-inside.de\/index.php?rest_route=\/wp\/v2\/pages\/639"}],"collection":[{"href":"https:\/\/jesus-inside.de\/index.php?rest_route=\/wp\/v2\/pages"}],"about":[{"href":"https:\/\/jesus-inside.de\/index.php?rest_route=\/wp\/v2\/types\/page"}],"author":[{"embeddable":true,"href":"https:\/\/jesus-inside.de\/index.php?rest_route=\/wp\/v2\/users\/1"}],"replies":[{"embeddable":true,"href":"https:\/\/jesus-inside.de\/index.php?rest_route=%2Fwp%2Fv2%2Fcomments&post=639"}],"version-history":[{"count":21,"href":"https:\/\/jesus-inside.de\/index.php?rest_route=\/wp\/v2\/pages\/639\/revisions"}],"predecessor-version":[{"id":751,"href":"https:\/\/jesus-inside.de\/index.php?rest_route=\/wp\/v2\/pages\/639\/revisions\/751"}],"wp:attachment":[{"href":"https:\/\/jesus-inside.de\/index.php?rest_route=%2Fwp%2Fv2%2Fmedia&parent=639"}],"curies":[{"name":"wp","href":"https:\/\/api.w.org\/{rel}","templated":true}]}}