{"id":5,"date":"2016-01-07T20:45:38","date_gmt":"2016-01-07T20:45:38","guid":{"rendered":"http:\/\/jesus-inside.de\/?page_id=5"},"modified":"2018-03-18T11:36:34","modified_gmt":"2018-03-18T11:36:34","slug":"homepage","status":"publish","type":"page","link":"https:\/\/jesus-inside.de\/","title":{"rendered":"Start"},"content":{"rendered":"<div id=\"pl-5\"  class=\"panel-layout\" ><div id=\"pg-5-0\"  class=\"panel-grid panel-has-style\" ><div class=\"panel-row-style panel-row-style-for-5-0\" ><div id=\"pgc-5-0-0\"  class=\"panel-grid-cell\" ><div id=\"panel-5-0-0-0\" class=\"so-panel widget widget_sow-features panel-first-child panel-last-child\" data-index=\"0\" ><div class=\"so-widget-sow-features so-widget-sow-features-default-8194e592a516\">\n<div class=\"sow-features-list sow-features-responsive\">\n\n\t\t\t\n\t\t\t<div class=\"sow-features-feature sow-icon-container-position-top sow-features-feature-last-row\" style=\"width: 33.333%\">\n\n\t\t\t\t<a href=\"http:\/\/jesus-inside.de\/?page_id=115\" >\t\t\t\t<div\n\t\t\t\t\tclass=\"sow-icon-container sow-container-none\"\n                    style=\"color: ; \"\n\t\t\t\t\t>\n\t\t\t\t\t<div class=\"sow-icon-image\" style=\"background-image: url(https:\/\/jesus-inside.de\/wp-content\/uploads\/2016\/04\/zu-Jesus-_mText-300x300.png); font-size: 200px\"><\/div>\t\t\t\t<\/div>\n\t\t\t\t<\/a>\n\t\t\t\t<div class=\"textwidget\">\n\t\t\t\t\t\n\t\t\t\t\t\n\t\t\t\t\t\t\t\t\t\t\t<p class=\"sow-more-text\">\n\t\t\t\t\t\t\t<a href=\"http:\/\/jesus-inside.de\/?page_id=115\" >\t\t\t\t\t\t\tDann klicke hier!\t\t\t\t\t\t\t<\/a>\t\t\t\t\t\t<\/p>\n\t\t\t\t\t\t\t\t\t<\/div>\n\t\t\t<\/div>\n\n\t\t\n\t\t\t<div class=\"sow-features-feature sow-icon-container-position-top sow-features-feature-last-row\" style=\"width: 33.333%\">\n\n\t\t\t\t<a href=\"http:\/\/jesus-inside.de\/?page_id=135\" >\t\t\t\t<div\n\t\t\t\t\tclass=\"sow-icon-container sow-container-none\"\n                    style=\"color: ; \"\n\t\t\t\t\t>\n\t\t\t\t\t<div class=\"sow-icon-image\" style=\"background-image: url(https:\/\/jesus-inside.de\/wp-content\/uploads\/2016\/04\/mit-Jesus-_mText-1-150x150.png); font-size: 200px\"><\/div>\t\t\t\t<\/div>\n\t\t\t\t<\/a>\n\t\t\t\t<div class=\"textwidget\">\n\t\t\t\t\t\n\t\t\t\t\t\n\t\t\t\t\t\t\t\t\t\t\t<p class=\"sow-more-text\">\n\t\t\t\t\t\t\t<a href=\"http:\/\/jesus-inside.de\/?page_id=135\" >\t\t\t\t\t\t\tDann klicke hier!\t\t\t\t\t\t\t<\/a>\t\t\t\t\t\t<\/p>\n\t\t\t\t\t\t\t\t\t<\/div>\n\t\t\t<\/div>\n\n\t\t\n\t\t\t<div class=\"sow-features-feature sow-icon-container-position-top sow-features-feature-last-row\" style=\"width: 33.333%\">\n\n\t\t\t\t<a href=\"http:\/\/jesus-inside.de\/?page_id=137\" >\t\t\t\t<div\n\t\t\t\t\tclass=\"sow-icon-container sow-container-none\"\n                    style=\"color: ; \"\n\t\t\t\t\t>\n\t\t\t\t\t<div class=\"sow-icon-image\" style=\"background-image: url(https:\/\/jesus-inside.de\/wp-content\/uploads\/2016\/04\/fuer-Jesus-_mText-150x150.png); font-size: 200px\"><\/div>\t\t\t\t<\/div>\n\t\t\t\t<\/a>\n\t\t\t\t<div class=\"textwidget\">\n\t\t\t\t\t\n\t\t\t\t\t\n\t\t\t\t\t\t\t\t\t\t\t<p class=\"sow-more-text\">\n\t\t\t\t\t\t\t<a href=\"http:\/\/jesus-inside.de\/?page_id=137\" >\t\t\t\t\t\t\tDann klicke hier!\t\t\t\t\t\t\t<\/a>\t\t\t\t\t\t<\/p>\n\t\t\t\t\t\t\t\t\t<\/div>\n\t\t\t<\/div>\n\n\t\t\t\n<\/div>\n<\/div><\/div><\/div><\/div><\/div><div id=\"pg-5-1\"  class=\"panel-grid panel-no-style\" ><div id=\"pgc-5-1-0\"  class=\"panel-grid-cell\" ><div id=\"panel-5-1-0-0\" class=\"so-panel widget widget_sow-editor panel-first-child\" data-index=\"1\" ><div class=\"so-widget-sow-editor so-widget-sow-editor-base\">\n<div class=\"siteorigin-widget-tinymce textwidget\">\n\t<hr \/>\n<p>&nbsp;<\/p>\n<\/div>\n<\/div><\/div><div id=\"panel-5-1-0-1\" class=\"so-panel widget widget_sow-post-carousel panel-last-child\" data-index=\"2\" ><div class=\"so-widget-sow-post-carousel so-widget-sow-post-carousel-default-cea027ed113e\">\n\t<div class=\"sow-carousel-title has-title\">\n\t\t<h3 class=\"widget-title\">Top Inhalte<\/h3>\n\t\t<div class=\"sow-carousel-navigation\">\n\t\t\t<a href=\"#\" class=\"sow-carousel-next\" title=\"Next\" aria-label=\"Next Posts\" role=\"button\"><\/a>\n\t\t\t<a href=\"#\" class=\"sow-carousel-previous\" title=\"Previous\" aria-label=\"Previous Posts\" role=\"button\"><\/a>\n\t\t<\/div>\n\n\t<\/div>\n\n\t<div class=\"sow-carousel-container\">\n\n\t\t<a href=\"#\" class=\"sow-carousel-previous\" title=\"Previous\" aria-label=\"Previous Posts\" role=\"button\"><\/a>\n\n\t\t<a href=\"#\" class=\"sow-carousel-next\" title=\"Next\" aria-label=\"Next Posts\" role=\"button\"><\/a>\n\n\t\t<div class=\"sow-carousel-wrapper\"\n\t\t     data-post-count=\"6\"\n\t\t     data-loop-posts-enabled=\"1\"\n\t\t     data-ajax-url=\"https:\/\/jesus-inside.de\/wp-admin\/admin-ajax.php?_widgets_nonce=c7383e8a19\"\n\t\t     data-page=\"1\"\n\t\t     data-fetching=\"false\"\n\t\t     data-dir=\"ltr\"\n\t\t     data-responsive=\"{&quot;desktop_slides&quot;:1,&quot;tablet_portrait_slides&quot;:2,&quot;tablet_portrait_breakpoint&quot;:1025,&quot;tablet_landscape_slides&quot;:2,&quot;tablet_landscape_breakpoint&quot;:1366,&quot;mobile_breakpoint&quot;:480,&quot;mobile_slides&quot;:1}\"\n\t\t>\n\t\t\t<div class=\"sow-carousel-items\">\n\t\t\t\t\t<div class=\"sow-carousel-item\" tabindex=\"-1\">\n\t\t<div class=\"sow-carousel-thumbnail\">\n\t\t\t\t\t\t\t<a href=\"https:\/\/jesus-inside.de\/?p=501\"\n\t\t\t\t\t\t\t\t\t\tstyle=\"background-image: url( https:\/\/jesus-inside.de\/wp-content\/uploads\/2017\/01\/Die-Bibel-das-lebendige-Wort-272x182.png )\"\n\t\t\t\t\taria-labelledby=\"sow-carousel-id-501\"\n\t\t\t\t\ttabindex=\"-1\">\n\t\t\t\t\t<span class=\"overlay\"><\/span>\n\t\t\t\t<\/a>\n\t\t\t\t\t<\/div>\n\t\t<h3><a href=\"https:\/\/jesus-inside.de\/?p=501\" id=\"sow-carousel-id-501\"  tabindex=\"-1\">Die Bibel \u2013 das lebendige Wort<\/a><\/h3>\n\t<\/div>\n\t<div class=\"sow-carousel-item\" tabindex=\"-1\">\n\t\t<div class=\"sow-carousel-thumbnail\">\n\t\t\t\t\t\t\t<a href=\"https:\/\/jesus-inside.de\/?p=488\"\n\t\t\t\t\t\t\t\t\t\tstyle=\"background-image: url( https:\/\/jesus-inside.de\/wp-content\/uploads\/2016\/12\/Bibel-mit-Jesus-mit-\u00a9-272x182.jpg )\"\n\t\t\t\t\taria-labelledby=\"sow-carousel-id-488\"\n\t\t\t\t\ttabindex=\"-1\">\n\t\t\t\t\t<span class=\"overlay\"><\/span>\n\t\t\t\t<\/a>\n\t\t\t\t\t<\/div>\n\t\t<h3><a href=\"https:\/\/jesus-inside.de\/?p=488\" id=\"sow-carousel-id-488\"  tabindex=\"-1\">Die Bibel \u2013 das Wort Gottes<\/a><\/h3>\n\t<\/div>\n\t<div class=\"sow-carousel-item\" tabindex=\"-1\">\n\t\t<div class=\"sow-carousel-thumbnail\">\n\t\t\t\t\t\t\t<a href=\"https:\/\/jesus-inside.de\/?p=473\"\n\t\t\t\t\t\t\t\t\t\tstyle=\"background-image: url( https:\/\/jesus-inside.de\/wp-content\/uploads\/2016\/11\/John-Paul-Jackson-Interview-272x182.jpg )\"\n\t\t\t\t\taria-labelledby=\"sow-carousel-id-473\"\n\t\t\t\t\ttabindex=\"-1\">\n\t\t\t\t\t<span class=\"overlay\"><\/span>\n\t\t\t\t<\/a>\n\t\t\t\t\t<\/div>\n\t\t<h3><a href=\"https:\/\/jesus-inside.de\/?p=473\" id=\"sow-carousel-id-473\"  tabindex=\"-1\">John Paul Jackson&#8217;s Heilungszeugnis<\/a><\/h3>\n\t<\/div>\n\t<div class=\"sow-carousel-item\" tabindex=\"-1\">\n\t\t<div class=\"sow-carousel-thumbnail\">\n\t\t\t\t\t\t\t<a href=\"https:\/\/jesus-inside.de\/?p=432\"\n\t\t\t\t\t\t\t\t\t\tstyle=\"background-image: url( https:\/\/jesus-inside.de\/wp-content\/uploads\/2016\/08\/H\u00e4nde-mit-\u00a9.jpg )\"\n\t\t\t\t\taria-labelledby=\"sow-carousel-id-432\"\n\t\t\t\t\ttabindex=\"-1\">\n\t\t\t\t\t<span class=\"overlay\"><\/span>\n\t\t\t\t<\/a>\n\t\t\t\t\t<\/div>\n\t\t<h3><a href=\"https:\/\/jesus-inside.de\/?p=432\" id=\"sow-carousel-id-432\"  tabindex=\"-1\">Eine neue Freundschaft<\/a><\/h3>\n\t<\/div>\n\t<div class=\"sow-carousel-item\" tabindex=\"-1\">\n\t\t<div class=\"sow-carousel-thumbnail\">\n\t\t\t\t\t\t\t<a href=\"https:\/\/jesus-inside.de\/?p=416\"\n\t\t\t\t\t\t\t\t\t\tstyle=\"background-image: url( https:\/\/jesus-inside.de\/wp-content\/uploads\/2016\/07\/Brandung-mit-Hand-mit-\u00a9.jpg )\"\n\t\t\t\t\taria-labelledby=\"sow-carousel-id-416\"\n\t\t\t\t\ttabindex=\"-1\">\n\t\t\t\t\t<span class=\"overlay\"><\/span>\n\t\t\t\t<\/a>\n\t\t\t\t\t<\/div>\n\t\t<h3><a href=\"https:\/\/jesus-inside.de\/?p=416\" id=\"sow-carousel-id-416\"  tabindex=\"-1\">Das Fundament \u2013 meine Sicherheit im Glauben<\/a><\/h3>\n\t<\/div>\n\t<div class=\"sow-carousel-item\" tabindex=\"-1\">\n\t\t<div class=\"sow-carousel-thumbnail\">\n\t\t\t\t\t\t\t<a href=\"https:\/\/jesus-inside.de\/?p=75\"\n\t\t\t\t\t\t\t\t\t\tstyle=\"background-image: url( https:\/\/jesus-inside.de\/wp-content\/uploads\/2016\/04\/Die-Schwimmerrallye-272x182.png )\"\n\t\t\t\t\taria-labelledby=\"sow-carousel-id-75\"\n\t\t\t\t\ttabindex=\"-1\">\n\t\t\t\t\t<span class=\"overlay\"><\/span>\n\t\t\t\t<\/a>\n\t\t\t\t\t<\/div>\n\t\t<h3><a href=\"https:\/\/jesus-inside.de\/?p=75\" id=\"sow-carousel-id-75\"  tabindex=\"-1\">Die Botschaft  Teil V  &#8211;  Die Schwimmerrallye<\/a><\/h3>\n\t<\/div>\n\t\t\t<\/div>\n\t\t<\/div>\n\t<\/div>\n\t<input type=\"hidden\" name=\"instance_hash\" value=\"c349a7d4\"\/>\n<\/div><\/div><\/div><\/div><div id=\"pg-5-2\"  class=\"panel-grid panel-no-style\" ><div id=\"pgc-5-2-0\"  class=\"panel-grid-cell\" ><div id=\"panel-5-2-0-0\" class=\"so-panel widget widget_siteorigin-panels-postloop panel-first-child panel-last-child\" data-index=\"3\" ><h3 class=\"widget-title\">Aktuelle Journale<\/h3>\n<div class=\"ultra-masonry-loop\">\n\t\n\t<article id=\"post-812\" class=\"featured-image post-812 post type-post status-publish format-standard has-post-thumbnail hentry category-journal\">\n\t\t\t\t\t<div class=\"entry-thumbnail\">\n\t\t\t\t<a href=\"https:\/\/jesus-inside.de\/?p=812\" title=\"Erf\u00fcllt oder voll? Teil II\">\n\t\t\t\t\t<img width=\"422\" height=\"528\" src=\"https:\/\/jesus-inside.de\/wp-content\/uploads\/2018\/10\/Erf\u00fcllt-oder-Voll.jpg\" class=\"attachment-post-thumbnail size-post-thumbnail wp-post-image\" alt=\"\" loading=\"lazy\" srcset=\"https:\/\/jesus-inside.de\/wp-content\/uploads\/2018\/10\/Erf\u00fcllt-oder-Voll.jpg 422w, https:\/\/jesus-inside.de\/wp-content\/uploads\/2018\/10\/Erf\u00fcllt-oder-Voll-240x300.jpg 240w\" sizes=\"(max-width: 422px) 100vw, 422px\" \/>\t\t\t\t<\/a>\t\n\t\t\t<\/div>\t\t\n\t\t\t\t<header class=\"entry-header\">\n\t\t\t<h2 class=\"entry-title\"><a href=\"https:\/\/jesus-inside.de\/?p=812\" rel=\"bookmark\">Erf\u00fcllt oder voll? Teil II<\/a><\/h2>\n\t\t\t\t\t\t<div class=\"entry-meta\">\n\t\t\t\t<div class=\"entry-meta-inner\"><span class=\"entry-date\"><a href=\"https:\/\/jesus-inside.de\/?p=812\" rel=\"bookmark\"><time class=\"published\" datetime=\"2018-10-23T14:56:41+00:00\">23 Oktober 2018<\/time><time class=\"updated\" datetime=\"2018-10-23T14:59:35+00:00\">Oktober 23, 2018<\/time><\/span><\/a><\/div>\t\t\t<\/div><!-- .entry-meta -->\n\t\t\t\t\t<\/header><!-- .entry-header -->\n\n\t\t<div class=\"entry-content\">\n\t\t\t<div>In der Bibel finden wir etliche Beispiele von Menschen, die das Alte verlie\u00dfen, um Neues zu empfangen. Abraham verlie\u00df sein Land, Maria von Bethanien ihre Mitgift, Zach\u00e4us sein Geld.<\/div>\n<div>Wenn wir etwas Neues wollen, dann ruft uns Gott oft auf, das Alte loszulassen. Das erfordert Mut und st\u00f6\u00dft in der n\u00e4heren Umgebung nicht immer auf Beifall: Wie bei Maria von Bethanien oder Zach\u00e4us. Oder wir wissen noch gar nicht so genau, wie das Neue aussieht, wie es dort sein wird: wie bei Abraham. Wir wissen nur: So geht es nicht weiter und verlassen dann das Alte.<span class=\"more-wrapper\"><a class=\"more-link button\" href=\"https:\/\/jesus-inside.de\/?p=812\">Weiterlesen<\/a><\/span><\/div>\n\n\t\t\t\t\t<\/div><!-- .entry-content -->\n\n\t\t<div class=\"clear\"><\/div>\n\n\t\t<footer class=\"entry-footer\">\n\t\t\t\t\t<\/footer><!-- .entry-footer -->\n\n\t<\/article><!-- #post-## -->\n\n\t\t\n\t<article id=\"post-808\" class=\"featured-image post-808 post type-post status-publish format-standard has-post-thumbnail hentry category-journal\">\n\t\t\t\t\t<div class=\"entry-thumbnail\">\n\t\t\t\t<a href=\"https:\/\/jesus-inside.de\/?p=808\" title=\"Erf\u00fcllt oder voll? Teil I\">\n\t\t\t\t\t<img width=\"422\" height=\"528\" src=\"https:\/\/jesus-inside.de\/wp-content\/uploads\/2018\/10\/Erf\u00fcllt-oder-Voll.jpg\" class=\"attachment-post-thumbnail size-post-thumbnail wp-post-image\" alt=\"\" loading=\"lazy\" srcset=\"https:\/\/jesus-inside.de\/wp-content\/uploads\/2018\/10\/Erf\u00fcllt-oder-Voll.jpg 422w, https:\/\/jesus-inside.de\/wp-content\/uploads\/2018\/10\/Erf\u00fcllt-oder-Voll-240x300.jpg 240w\" sizes=\"(max-width: 422px) 100vw, 422px\" \/>\t\t\t\t<\/a>\t\n\t\t\t<\/div>\t\t\n\t\t\t\t<header class=\"entry-header\">\n\t\t\t<h2 class=\"entry-title\"><a href=\"https:\/\/jesus-inside.de\/?p=808\" rel=\"bookmark\">Erf\u00fcllt oder voll? Teil I<\/a><\/h2>\n\t\t\t\t\t\t<div class=\"entry-meta\">\n\t\t\t\t<div class=\"entry-meta-inner\"><span class=\"entry-date\"><a href=\"https:\/\/jesus-inside.de\/?p=808\" rel=\"bookmark\"><time class=\"published\" datetime=\"2018-10-23T14:53:30+00:00\">23 Oktober 2018<\/time><time class=\"updated\" datetime=\"2018-10-23T15:00:39+00:00\">Oktober 23, 2018<\/time><\/span><\/a><\/div>\t\t\t<\/div><!-- .entry-meta -->\n\t\t\t\t\t<\/header><!-- .entry-header -->\n\n\t\t<div class=\"entry-content\">\n\t\t\t<p>Wenn wir ehrlich sind, geht es uns oft so: Wir sind randvoll! Nicht unbedingt mit Bier oder Alkohol, sondern mit den t\u00e4glichen Dingen des Lebens.<br \/>\nIn Gespr\u00e4chen mit vielen Mitarbeitern in christlichen Gruppen und Gemeinschaften bin ich in letzter Zeit immer wieder auf ein Ph\u00e4nomen gesto\u00dfen: Die Klage \u00fcber das Lebensgef\u00fchl: \u201eIch bin randvoll, es ist mir zu viel, mir reicht es jetzt eigentlich!\u201c Kennt ihr das?<br \/>\n<span class=\"more-wrapper\"><a class=\"more-link button\" href=\"https:\/\/jesus-inside.de\/?p=808\">Weiterlesen<\/a><\/span><\/p>\n\n\t\t\t\t\t<\/div><!-- .entry-content -->\n\n\t\t<div class=\"clear\"><\/div>\n\n\t\t<footer class=\"entry-footer\">\n\t\t\t\t\t<\/footer><!-- .entry-footer -->\n\n\t<\/article><!-- #post-## -->\n\n\t\t\n\t<article id=\"post-783\" class=\"featured-image post-783 post type-post status-publish format-standard has-post-thumbnail hentry category-journal\">\n\t\t\t\t\t<div class=\"entry-thumbnail\">\n\t\t\t\t<a href=\"https:\/\/jesus-inside.de\/?p=783\" title=\"Die vergessene Kunst des Wartens Teil I\">\n\t\t\t\t\t<img width=\"554\" height=\"362\" src=\"https:\/\/jesus-inside.de\/wp-content\/uploads\/2018\/04\/Die-vergessene-Kunst-des-Wartens.jpg\" class=\"attachment-post-thumbnail size-post-thumbnail wp-post-image\" alt=\"\" loading=\"lazy\" srcset=\"https:\/\/jesus-inside.de\/wp-content\/uploads\/2018\/04\/Die-vergessene-Kunst-des-Wartens.jpg 554w, https:\/\/jesus-inside.de\/wp-content\/uploads\/2018\/04\/Die-vergessene-Kunst-des-Wartens-300x196.jpg 300w\" sizes=\"(max-width: 554px) 100vw, 554px\" \/>\t\t\t\t<\/a>\t\n\t\t\t<\/div>\t\t\n\t\t\t\t<header class=\"entry-header\">\n\t\t\t<h2 class=\"entry-title\"><a href=\"https:\/\/jesus-inside.de\/?p=783\" rel=\"bookmark\">Die vergessene Kunst des Wartens Teil I<\/a><\/h2>\n\t\t\t\t\t\t<div class=\"entry-meta\">\n\t\t\t\t<div class=\"entry-meta-inner\"><span class=\"entry-date\"><a href=\"https:\/\/jesus-inside.de\/?p=783\" rel=\"bookmark\"><time class=\"published\" datetime=\"2018-04-25T04:32:07+00:00\">25 April 2018<\/time><time class=\"updated\" datetime=\"2018-04-25T04:49:05+00:00\">April 25, 2018<\/time><\/span><\/a><\/div>\t\t\t<\/div><!-- .entry-meta -->\n\t\t\t\t\t<\/header><!-- .entry-header -->\n\n\t\t<div class=\"entry-content\">\n\t\t\t<p>In den Gleichnissen Jesu wie auch in der Kirchengeschichte spielen zwei gro\u00dfe Gedanken immer wieder eine Rolle: <strong>S\u00e4en und Ernten<\/strong><span class=\"more-wrapper\"><a class=\"more-link button\" href=\"https:\/\/jesus-inside.de\/?p=783\">Weiterlesen<\/a><\/span><\/p>\n\n\t\t\t\t\t<\/div><!-- .entry-content -->\n\n\t\t<div class=\"clear\"><\/div>\n\n\t\t<footer class=\"entry-footer\">\n\t\t\t\t\t<\/footer><!-- .entry-footer -->\n\n\t<\/article><!-- #post-## -->\n\n\t\n\t<\/div><!-- .ultra-left-medium-loop -->\n\n\t\n\t<nav class=\"navigation pagination\" role=\"navigation\" aria-label=\"Beitr\u00e4ge\">\n\t\t<h2 class=\"screen-reader-text\">Beitrags-Navigation<\/h2>\n\t\t<div class=\"nav-links\"><span aria-current=\"page\" class=\"page-numbers current\">1<\/span>\n<a class=\"page-numbers\" href=\"https:\/\/jesus-inside.de\/index.php\/?paged=2&#038;rest_route=%2Fwp%2Fv2%2Fpages%2F5\">2<\/a>\n<a class=\"page-numbers\" href=\"https:\/\/jesus-inside.de\/index.php\/?paged=3&#038;rest_route=%2Fwp%2Fv2%2Fpages%2F5\">3<\/a>\n<a class=\"next page-numbers\" href=\"https:\/\/jesus-inside.de\/index.php\/?paged=2&#038;rest_route=%2Fwp%2Fv2%2Fpages%2F5\">N\u00e4chste<\/a><\/div>\n\t<\/nav>\n<\/div><\/div><\/div><div id=\"pg-5-3\"  class=\"panel-grid panel-no-style\" ><div id=\"pgc-5-3-0\"  class=\"panel-grid-cell\" ><div id=\"panel-5-3-0-0\" class=\"so-panel widget widget_siteorigin-panels-postloop panel-first-child panel-last-child\" data-index=\"4\" ><h3 class=\"widget-title\">Aktuelle Publikation<\/h3>\n\n\t\n\n\t<p>Es scheint, dass wir nicht finden k\u00f6nnen wonach Sie suchen. Vielleicht kann die Suche helfen.<\/p>\n\t\n<form method=\"get\" class=\"search-form\" action=\"https:\/\/jesus-inside.de\/\">\n\t<label>\n\t\t<span class=\"screen-reader-text\">Suchen nach:<\/span>\n\t\t<input type=\"search\" class=\"search-field\" placeholder=\"Suchen\" value=\"\" name=\"s\" title=\"Search for:\" \/>\n\t<\/label>\n\t<input type=\"submit\" class=\"search-submit\" value=\"Search\" \/>\n<\/form>\n\n<\/div><\/div><\/div><\/div>","protected":false},"excerpt":{"rendered":"<p>&nbsp;<\/p>\n","protected":false},"author":1,"featured_media":0,"parent":0,"menu_order":6,"comment_status":"closed","ping_status":"closed","template":"home-panels.php","meta":[],"_links":{"self":[{"href":"https:\/\/jesus-inside.de\/index.php?rest_route=\/wp\/v2\/pages\/5"}],"collection":[{"href":"https:\/\/jesus-inside.de\/index.php?rest_route=\/wp\/v2\/pages"}],"about":[{"href":"https:\/\/jesus-inside.de\/index.php?rest_route=\/wp\/v2\/types\/page"}],"author":[{"embeddable":true,"href":"https:\/\/jesus-inside.de\/index.php?rest_route=\/wp\/v2\/users\/1"}],"replies":[{"embeddable":true,"href":"https:\/\/jesus-inside.de\/index.php?rest_route=%2Fwp%2Fv2%2Fcomments&post=5"}],"version-history":[{"count":174,"href":"https:\/\/jesus-inside.de\/index.php?rest_route=\/wp\/v2\/pages\/5\/revisions"}],"predecessor-version":[{"id":762,"href":"https:\/\/jesus-inside.de\/index.php?rest_route=\/wp\/v2\/pages\/5\/revisions\/762"}],"wp:attachment":[{"href":"https:\/\/jesus-inside.de\/index.php?rest_route=%2Fwp%2Fv2%2Fmedia&parent=5"}],"curies":[{"name":"wp","href":"https:\/\/api.w.org\/{rel}","templated":true}]}}