{"id":336,"date":"2016-04-09T15:15:59","date_gmt":"2016-04-09T15:15:59","guid":{"rendered":"http:\/\/jesus-inside.de\/?page_id=336"},"modified":"2018-03-18T11:07:14","modified_gmt":"2018-03-18T11:07:14","slug":"publikationen","status":"publish","type":"page","link":"https:\/\/jesus-inside.de\/?page_id=336","title":{"rendered":"Publikationen"},"content":{"rendered":"<div id=\"pl-336\"  class=\"panel-layout\" ><div id=\"pg-336-0\"  class=\"panel-grid panel-no-style\" ><div id=\"pgc-336-0-0\"  class=\"panel-grid-cell\" ><div id=\"panel-336-0-0-0\" class=\"so-panel widget widget_text panel-first-child\" data-index=\"0\" >\t\t\t<div class=\"textwidget\">Hier eine Auswahl von meinen Publikationen. \nSie sind durchweg alle f\u00fcr den Einsatz in Kleingruppen geeignet und laden dazu ein, \n   in die Beziehung mit Jesus einzusteigen, \n   Ihn mehr kennenzulernen\n   und eine Sicht zu gewinnen aus dieser Beziehung mit Ihm sein Leben zu gestalten.<\/div>\n\t\t<\/div><div id=\"panel-336-0-0-1\" class=\"so-panel widget widget_siteorigin-panels-postloop panel-last-child\" data-index=\"1\" >\n<div class=\"ultra-left-thumb-loop\">\n\t\n\t<article id=\"post-531\" class=\"featured-image post-531 post type-post status-publish format-standard has-post-thumbnail hentry category-publikationen\">\n\t\t\t\t\t<div class=\"entry-thumbnail\">\n\t\t\t\t<a href=\"https:\/\/jesus-inside.de\/?p=531\" title=\"Ist mein Wort nicht wie Feuer?\">\n\t\t\t\t\t<img width=\"400\" height=\"607\" src=\"https:\/\/jesus-inside.de\/wp-content\/uploads\/2018\/03\/Ist-mein-Wort-nicht-wie-Feuer-e1521371821441.jpg\" class=\"attachment-post-thumbnail size-post-thumbnail wp-post-image\" alt=\"\" loading=\"lazy\" \/>\t\t\t\t<\/a>\t\n\t\t\t<\/div>\t\t\n\t\t\t\t<header class=\"entry-header\">\n\t\t\t<h2 class=\"entry-title\"><a href=\"https:\/\/jesus-inside.de\/?p=531\" rel=\"bookmark\">Ist mein Wort nicht wie Feuer?<\/a><\/h2>\n\t\t\t\t\t\t<div class=\"entry-meta\">\n\t\t\t\t<div class=\"entry-meta-inner\"><span class=\"entry-date\"><a href=\"https:\/\/jesus-inside.de\/?p=531\" rel=\"bookmark\"><time class=\"published\" datetime=\"2018-03-11T08:43:00+00:00\">11 M\u00e4rz 2018<\/time><time class=\"updated\" datetime=\"2018-03-18T10:40:00+00:00\">M\u00e4rz 18, 2018<\/time><\/span><\/a><\/div>\t\t\t<\/div><!-- .entry-meta -->\n\t\t\t\t\t<\/header><!-- .entry-header -->\n\n\t\t<div class=\"entry-content\">\n\t\t\t<p><strong>&#8220;Ist mein Wort nicht wie ein Feuer, spricht der Herr, und wie ein Hammer, der Felsen zerschmei\u00dft?&#8221; (Jeremia 23,29)<\/strong><\/p>\n<p>Das Wort Gottes ist nicht einfach irgendeine Information, wie wir sie in der Tageszeitung, einer Fachzeitschrift oder einem Lexikon finden. In der Bibel, dem Buch der B\u00fccher, steckt &#8220;g\u00f6ttliches Dynamit&#8221;. Holen wir die Bibel aus dem Regal und erreichen ihre Worte unser Herz, entfaltet sie in uns eine ungeahnte Kraft und ein heilsamer Transformationsprozess in eine neue Identit\u00e4t nimmt ihren Anfang.<\/p>\n<p>Anhand ausgew\u00e4hlter Bibelstellen nimmt uns der Autor auf eine Entdeckungsreise mit, auf der wir immer mehr entdecken, wie umfassend Gottes Liebe zu uns ist und wie wunderbar unsere Berufung und Identit\u00e4t ist, die er uns zugedacht hat.<span class=\"more-wrapper\"><a class=\"more-link button\" href=\"https:\/\/jesus-inside.de\/?p=531\">Weiterlesen<\/a><\/span><\/p>\n\n\t\t\t\t\t<\/div><!-- .entry-content -->\n\n\t\t<div class=\"clear\"><\/div>\n\n\t\t<footer class=\"entry-footer\">\n\t\t\t\t\t<\/footer><!-- .entry-footer -->\n\n\t<\/article><!-- #post-## -->\n\n\t\t\n\t<article id=\"post-512\" class=\"featured-image post-512 post type-post status-publish format-standard has-post-thumbnail hentry category-publikationen\">\n\t\t\t\t\t<div class=\"entry-thumbnail\">\n\t\t\t\t<a href=\"https:\/\/jesus-inside.de\/?p=512\" title=\"Das Maria- Experiment \u2013 Die Kunst, Zeit zu haben\">\n\t\t\t\t\t<img width=\"400\" height=\"609\" src=\"https:\/\/jesus-inside.de\/wp-content\/uploads\/2017\/04\/Mariaexperiment-Cover-e1521371844185.png\" class=\"attachment-post-thumbnail size-post-thumbnail wp-post-image\" alt=\"\" loading=\"lazy\" \/>\t\t\t\t<\/a>\t\n\t\t\t<\/div>\t\t\n\t\t\t\t<header class=\"entry-header\">\n\t\t\t<h2 class=\"entry-title\"><a href=\"https:\/\/jesus-inside.de\/?p=512\" rel=\"bookmark\">Das Maria- Experiment \u2013 Die Kunst, Zeit zu haben<\/a><\/h2>\n\t\t\t\t\t\t<div class=\"entry-meta\">\n\t\t\t\t<div class=\"entry-meta-inner\"><span class=\"entry-date\"><a href=\"https:\/\/jesus-inside.de\/?p=512\" rel=\"bookmark\"><time class=\"published\" datetime=\"2017-04-07T08:59:04+00:00\">7 April 2017<\/time><time class=\"updated\" datetime=\"2018-03-18T10:49:38+00:00\">M\u00e4rz 18, 2018<\/time><\/span><\/a><\/div>\t\t\t<\/div><!-- .entry-meta -->\n\t\t\t\t\t<\/header><!-- .entry-header -->\n\n\t\t<div class=\"entry-content\">\n\t\t\t<p>Zeit ist mit Abstand das Kostbarste, was wir haben! Sie ist ein Geschenk, \u00fcber das wir frei verf\u00fcgen k\u00f6nnen. Und doch haben viele von uns das Gef\u00fchl, dass Zeitmangel und Zeitdruck nicht nur gelegentliche Zaung\u00e4ste, sondern l\u00e4stige Dauermieter in ihrem Leben geworden sind. Wir sp\u00fcren: Unser Terminkalender ist zwar voll, aber wir sind keineswegs erf\u00fcllt! Ein kleiner, jedoch wichtiger Unterschied.<br \/>\nAusgehend von diesen Gedanken beginnt uns der Autor auf eine Entdeckungsreise mitzunehmen, auf der er dem Ph\u00e4nomen des erlebten Zeitmangels auf den Grund geht.<br \/>\n<span class=\"more-wrapper\"><a class=\"more-link button\" href=\"https:\/\/jesus-inside.de\/?p=512\">Weiterlesen<\/a><\/span><\/p>\n\n\t\t\t\t\t<\/div><!-- .entry-content -->\n\n\t\t<div class=\"clear\"><\/div>\n\n\t\t<footer class=\"entry-footer\">\n\t\t\t\t\t<\/footer><!-- .entry-footer -->\n\n\t<\/article><!-- #post-## -->\n\n\t\t\n\t<article id=\"post-338\" class=\"featured-image post-338 post type-post status-publish format-standard has-post-thumbnail hentry category-publikationen\">\n\t\t\t\t\t<div class=\"entry-thumbnail\">\n\t\t\t\t<a href=\"https:\/\/jesus-inside.de\/?p=338\" title=\"Skandal\u00f6s leben \u2013 Gnade als Lebensstil entdecken\">\n\t\t\t\t\t<img width=\"600\" height=\"467\" src=\"https:\/\/jesus-inside.de\/wp-content\/uploads\/2016\/04\/cover-skandal\u00f6s-leben055-Quadrat-e1521371912352.jpg\" class=\"attachment-post-thumbnail size-post-thumbnail wp-post-image\" alt=\"\" loading=\"lazy\" \/>\t\t\t\t<\/a>\t\n\t\t\t<\/div>\t\t\n\t\t\t\t<header class=\"entry-header\">\n\t\t\t<h2 class=\"entry-title\"><a href=\"https:\/\/jesus-inside.de\/?p=338\" rel=\"bookmark\">Skandal\u00f6s leben \u2013 Gnade als Lebensstil entdecken<\/a><\/h2>\n\t\t\t\t\t\t<div class=\"entry-meta\">\n\t\t\t\t<div class=\"entry-meta-inner\"><span class=\"entry-date\"><a href=\"https:\/\/jesus-inside.de\/?p=338\" rel=\"bookmark\"><time class=\"published\" datetime=\"2016-04-09T15:20:03+00:00\">9 April 2016<\/time><time class=\"updated\" datetime=\"2018-03-18T10:50:40+00:00\">M\u00e4rz 18, 2018<\/time><\/span><\/a><\/div>\t\t\t<\/div><!-- .entry-meta -->\n\t\t\t\t\t<\/header><!-- .entry-header -->\n\n\t\t<div class=\"entry-content\">\n\t\t\t<p>Etliche Aussagen, die wir in der Bibel \u00fcber Gnade finden, sind im Grunde genommen skandal\u00f6s! Unser gesamtes Rechtsempfinden und unsere innere Werteskala werden auf den Kopf gestellt, da unser ganzes Streben, besonders in der westlichen Leistungsgesellschaft, auf g\u00e4nzlich anderen S\u00e4ulen ruht. Diese S\u00e4ulen hei\u00dfen unter anderem Leistung, Besitz und Image.<br \/>\nAusgehend von diesen Gedanken beginnt uns der Autor auf eine spannende und herausfordernde Entdeckungsreise mitzunehmen, auf der wir dem Wesen der Gnade tiefer auf die Spur kommen. <span class=\"more-wrapper\"><a class=\"more-link button\" href=\"https:\/\/jesus-inside.de\/?p=338\">Weiterlesen<\/a><\/span><\/p>\n\n\t\t\t\t\t<\/div><!-- .entry-content -->\n\n\t\t<div class=\"clear\"><\/div>\n\n\t\t<footer class=\"entry-footer\">\n\t\t\t\t\t<\/footer><!-- .entry-footer -->\n\n\t<\/article><!-- #post-## -->\n\n\t\t\n\t<article id=\"post-350\" class=\"featured-image post-350 post type-post status-publish format-standard has-post-thumbnail hentry category-publikationen\">\n\t\t\t\t\t<div class=\"entry-thumbnail\">\n\t\t\t\t<a href=\"https:\/\/jesus-inside.de\/?p=350\" title=\"Schritte-Serie: Schritte zu Jesus\">\n\t\t\t\t\t<img width=\"600\" height=\"469\" src=\"https:\/\/jesus-inside.de\/wp-content\/uploads\/2016\/04\/Schritte-zu-Jesus016-Quadrat-e1521371979634.jpg\" class=\"attachment-post-thumbnail size-post-thumbnail wp-post-image\" alt=\"\" loading=\"lazy\" \/>\t\t\t\t<\/a>\t\n\t\t\t<\/div>\t\t\n\t\t\t\t<header class=\"entry-header\">\n\t\t\t<h2 class=\"entry-title\"><a href=\"https:\/\/jesus-inside.de\/?p=350\" rel=\"bookmark\">Schritte-Serie: Schritte zu Jesus<\/a><\/h2>\n\t\t\t\t\t\t<div class=\"entry-meta\">\n\t\t\t\t<div class=\"entry-meta-inner\"><span class=\"entry-date\"><a href=\"https:\/\/jesus-inside.de\/?p=350\" rel=\"bookmark\"><time class=\"published\" datetime=\"2016-04-09T15:04:45+00:00\">9 April 2016<\/time><time class=\"updated\" datetime=\"2018-03-18T10:52:19+00:00\">M\u00e4rz 18, 2018<\/time><\/span><\/a><\/div>\t\t\t<\/div><!-- .entry-meta -->\n\t\t\t\t\t<\/header><!-- .entry-header -->\n\n\t\t<div class=\"entry-content\">\n\t\t\t<h3>Schritte zu Jesus (Teilnehmerheft)<\/h3>\n<p>Ein Studienheft zum Einstieg in den christlichen Glauben. In diesem Heft geht es um die Kernaussagen des Neuen Testaments. Es beschreibt Ursprung, Wesen und Zweck des Lebens von Jesus Christus, die Anf\u00e4nge der fr\u00fchen christlichen Kirche sowie die sich daraus ergebenden Folgen f\u00fcr unser Leben heute.<span class=\"more-wrapper\"><a class=\"more-link button\" href=\"https:\/\/jesus-inside.de\/?p=350\">Weiterlesen<\/a><\/span><\/p>\n\n\t\t\t\t\t<\/div><!-- .entry-content -->\n\n\t\t<div class=\"clear\"><\/div>\n\n\t\t<footer class=\"entry-footer\">\n\t\t\t\t\t<\/footer><!-- .entry-footer -->\n\n\t<\/article><!-- #post-## -->\n\n\t\t\n\t<article id=\"post-352\" class=\"featured-image post-352 post type-post status-publish format-standard has-post-thumbnail hentry category-publikationen\">\n\t\t\t\t\t<div class=\"entry-thumbnail\">\n\t\t\t\t<a href=\"https:\/\/jesus-inside.de\/?p=352\" title=\"Schritte-Serie: Schritte mit Jesus\">\n\t\t\t\t\t<img width=\"600\" height=\"490\" src=\"https:\/\/jesus-inside.de\/wp-content\/uploads\/2016\/04\/Schritte-mit-Jesus017-Quadrat-e1521372119387.jpg\" class=\"attachment-post-thumbnail size-post-thumbnail wp-post-image\" alt=\"\" loading=\"lazy\" \/>\t\t\t\t<\/a>\t\n\t\t\t<\/div>\t\t\n\t\t\t\t<header class=\"entry-header\">\n\t\t\t<h2 class=\"entry-title\"><a href=\"https:\/\/jesus-inside.de\/?p=352\" rel=\"bookmark\">Schritte-Serie: Schritte mit Jesus<\/a><\/h2>\n\t\t\t\t\t\t<div class=\"entry-meta\">\n\t\t\t\t<div class=\"entry-meta-inner\"><span class=\"entry-date\"><a href=\"https:\/\/jesus-inside.de\/?p=352\" rel=\"bookmark\"><time class=\"published\" datetime=\"2016-04-09T15:03:39+00:00\">9 April 2016<\/time><time class=\"updated\" datetime=\"2018-03-18T10:53:46+00:00\">M\u00e4rz 18, 2018<\/time><\/span><\/a><\/div>\t\t\t<\/div><!-- .entry-meta -->\n\t\t\t\t\t<\/header><!-- .entry-header -->\n\n\t\t<div class=\"entry-content\">\n\t\t\t<h3>Schritte mit Jesus (Teilnehmerheft)<\/h3>\n<p>Ein Studienheft f\u00fcr die ersten Schritte im christlichen Glauben. Dieses Heft ist f\u00fcr Menschen geschrieben, die sich auf eine pers\u00f6nliche Beziehung zu Jesus Christus eingelassen haben und darin wachsen wollen. So, wie sich zu Anfang einer Beziehung zwei Menschen f\u00fcreinander entscheiden, so gilt dies f\u00fcr die im Alltag gelebte Beziehung umso mehr. In einer Freundschaft oder Ehe gibt es gute und schlechte Zeiten, Zweifel und offenherziges Vertrauen, H\u00f6hepunkte und Krisen. <span class=\"more-wrapper\"><a class=\"more-link button\" href=\"https:\/\/jesus-inside.de\/?p=352\">Weiterlesen<\/a><\/span><\/p>\n\n\t\t\t\t\t<\/div><!-- .entry-content -->\n\n\t\t<div class=\"clear\"><\/div>\n\n\t\t<footer class=\"entry-footer\">\n\t\t\t\t\t<\/footer><!-- .entry-footer -->\n\n\t<\/article><!-- #post-## -->\n\n\t\t\n\t<article id=\"post-354\" class=\"featured-image post-354 post type-post status-publish format-standard has-post-thumbnail hentry category-publikationen\">\n\t\t\t\t\t<div class=\"entry-thumbnail\">\n\t\t\t\t<a href=\"https:\/\/jesus-inside.de\/?p=354\" title=\"Schritte-Serie: Fortschritte mit Jesus\">\n\t\t\t\t\t<img width=\"600\" height=\"488\" src=\"https:\/\/jesus-inside.de\/wp-content\/uploads\/2016\/04\/Fortschritte-mit-Jesus018-Quadrat-e1521372137236.jpg\" class=\"attachment-post-thumbnail size-post-thumbnail wp-post-image\" alt=\"\" loading=\"lazy\" \/>\t\t\t\t<\/a>\t\n\t\t\t<\/div>\t\t\n\t\t\t\t<header class=\"entry-header\">\n\t\t\t<h2 class=\"entry-title\"><a href=\"https:\/\/jesus-inside.de\/?p=354\" rel=\"bookmark\">Schritte-Serie: Fortschritte mit Jesus<\/a><\/h2>\n\t\t\t\t\t\t<div class=\"entry-meta\">\n\t\t\t\t<div class=\"entry-meta-inner\"><span class=\"entry-date\"><a href=\"https:\/\/jesus-inside.de\/?p=354\" rel=\"bookmark\"><time class=\"published\" datetime=\"2016-04-09T15:02:53+00:00\">9 April 2016<\/time><time class=\"updated\" datetime=\"2018-03-18T10:54:38+00:00\">M\u00e4rz 18, 2018<\/time><\/span><\/a><\/div>\t\t\t<\/div><!-- .entry-meta -->\n\t\t\t\t\t<\/header><!-- .entry-header -->\n\n\t\t<div class=\"entry-content\">\n\t\t\t<h3>Fortschritte mit Jesus (Teilnehmerheft)<\/h3>\n<p>Ein weiterf\u00fchrendes Studienheft zu grundlegenden Themen des christlichen Glaubens. Dieses Heft ist f\u00fcr Menschen geschrieben, die ihre Beziehung zu Jesus vertiefen, als auch anfangen wollen, sich f\u00fcr Jesus und seine Anliegen einzusetzen. Es gilt, nicht nur das Wissen \u00fcber Jesus und seine Sicht der Dinge zu erweitern, sondern auch praktische Schritte der Nachfolge zu unternehmen.<span class=\"more-wrapper\"><a class=\"more-link button\" href=\"https:\/\/jesus-inside.de\/?p=354\">Weiterlesen<\/a><\/span><\/p>\n\n\t\t\t\t\t<\/div><!-- .entry-content -->\n\n\t\t<div class=\"clear\"><\/div>\n\n\t\t<footer class=\"entry-footer\">\n\t\t\t\t\t<\/footer><!-- .entry-footer -->\n\n\t<\/article><!-- #post-## -->\n\n\t\n\t<\/div><!-- .ultra-left-thumb-loop -->\n\n\t\n<\/div><\/div><\/div><\/div>","protected":false},"excerpt":{"rendered":"<p>Hier eine Auswahl von meinen Publikationen. Sie sind durchweg alle f\u00fcr den Einsatz in Kleingruppen geeignet und laden dazu ein, in die Beziehung mit Jesus einzusteigen, Ihn mehr kennenzulernen und eine Sicht zu gewinnen aus dieser Beziehung mit Ihm sein Leben zu gestalten.<\/p>\n","protected":false},"author":1,"featured_media":0,"parent":0,"menu_order":0,"comment_status":"closed","ping_status":"closed","template":"","meta":[],"_links":{"self":[{"href":"https:\/\/jesus-inside.de\/index.php?rest_route=\/wp\/v2\/pages\/336"}],"collection":[{"href":"https:\/\/jesus-inside.de\/index.php?rest_route=\/wp\/v2\/pages"}],"about":[{"href":"https:\/\/jesus-inside.de\/index.php?rest_route=\/wp\/v2\/types\/page"}],"author":[{"embeddable":true,"href":"https:\/\/jesus-inside.de\/index.php?rest_route=\/wp\/v2\/users\/1"}],"replies":[{"embeddable":true,"href":"https:\/\/jesus-inside.de\/index.php?rest_route=%2Fwp%2Fv2%2Fcomments&post=336"}],"version-history":[{"count":11,"href":"https:\/\/jesus-inside.de\/index.php?rest_route=\/wp\/v2\/pages\/336\/revisions"}],"predecessor-version":[{"id":747,"href":"https:\/\/jesus-inside.de\/index.php?rest_route=\/wp\/v2\/pages\/336\/revisions\/747"}],"wp:attachment":[{"href":"https:\/\/jesus-inside.de\/index.php?rest_route=%2Fwp%2Fv2%2Fmedia&parent=336"}],"curies":[{"name":"wp","href":"https:\/\/api.w.org\/{rel}","templated":true}]}}