{"id":206,"date":"2016-03-05T20:49:33","date_gmt":"2016-03-05T20:49:33","guid":{"rendered":"http:\/\/jesus-inside.de\/?page_id=206"},"modified":"2018-03-18T09:07:26","modified_gmt":"2018-03-18T09:07:26","slug":"ueber-mich","status":"publish","type":"page","link":"https:\/\/jesus-inside.de\/?page_id=206","title":{"rendered":"\u00dcber mich"},"content":{"rendered":"<div id=\"pl-206\"  class=\"panel-layout\" ><div id=\"pg-206-0\"  class=\"panel-grid panel-no-style\" ><div id=\"pgc-206-0-0\"  class=\"panel-grid-cell\" ><div id=\"panel-206-0-0-0\" class=\"so-panel widget widget_sow-editor panel-first-child panel-last-child\" data-index=\"0\" ><div class=\"so-widget-sow-editor so-widget-sow-editor-base\">\n<div class=\"siteorigin-widget-tinymce textwidget\">\n\t<p><a href=\"http:\/\/jesus-inside.de\/wp-content\/uploads\/2016\/03\/Guenter.png\" rel=\"attachment wp-att-208\"><img loading=\"lazy\" class=\" wp-image-208 alignleft\" src=\"http:\/\/jesus-inside.de\/wp-content\/uploads\/2016\/03\/Guenter.png\" alt=\"Guenter\" width=\"153\" height=\"186\" srcset=\"https:\/\/jesus-inside.de\/wp-content\/uploads\/2016\/03\/Guenter.png 315w, https:\/\/jesus-inside.de\/wp-content\/uploads\/2016\/03\/Guenter-248x300.png 248w\" sizes=\"(max-width: 153px) 100vw, 153px\" \/><\/a>Hier ein paar Zeilen \u00fcber mich, damit ihr wisst, mit wem ihr es denn zu tun habt. Mein Name ist G\u00fcnter Kretz und ich bin 1952 in Frankfurt am Main geboren, geh\u00f6re also zu den etwas \u00e4lteren Semestern, die sich die 60 schon im R\u00fcckspiegel anschauen. Seit 1981 bin ich Mitarbeiter bei den Navigatoren Deutschland mit den Stationen Bonn, K\u00f6ln, Bochum und Karlsruhe. Wer mehr \u00fcber die Navigatoren wissen will, kann sich auf folgender Website umschauen: <a href=\"http:\/\/www.navigatoren.de\">www.navigatoren.de<\/a><br \/>\nIn den Jahren 1987-1990 Fortbildungen in therapeutischer Seelsorge. Seit 2007 Engagement in der evangelischen Landeskirche Karlsruhe-Hagsfeld. Hier ist ihre Website: <a href=\"http:\/\/www.laurentiuskirche-hagsfeld.de\/\">www.laurentiuskirche-hagsfeld.de<\/a><br \/>\nSeit 1985 lebe ich mit meiner Frau Mechthild in Karlsruhe und bin zurzeit als Mentor, Seelsorger und Coach t\u00e4tig. Seit 2011 bin ich von der Parkinsonerkrankung betroffen, die mir auch zu schaffen macht.<\/p>\n<p>Publikationen:<\/p>\n<p>\u2022 Skandal\u00f6s leben \u2013 Gnade als Lebensstil entdecken<br \/>\n\u2022 Schritte-Serie: 3 Studienhefte zum Entdecken und Vertiefen des christliche Glaubens<br \/>\n\u2022 Das Maria Experiment \u2013\u00a0Die Kunst, Zeit zu haben<br \/>\n\u2022 Ist mein Wort nicht wie Feuer? \u00a0- Wie das Wort Gottes deine Identit\u00e4t in Christus hervorbringt<\/p>\n<\/div>\n<\/div><\/div><\/div><\/div><\/div>","protected":false},"excerpt":{"rendered":"<p>Hier ein paar Zeilen \u00fcber mich, damit ihr wisst, mit wem ihr es denn zu tun habt. Mein Name ist G\u00fcnter Kretz und ich bin 1952 in Frankfurt am Main geboren, geh\u00f6re also zu den etwas \u00e4lteren Semestern, die sich die 60 schon im R\u00fcckspiegel anschauen. Seit 1981 bin ich Mitarbeiter bei den Navigatoren Deutschland&hellip;<\/p>\n","protected":false},"author":1,"featured_media":0,"parent":0,"menu_order":0,"comment_status":"closed","ping_status":"closed","template":"","meta":[],"_links":{"self":[{"href":"https:\/\/jesus-inside.de\/index.php?rest_route=\/wp\/v2\/pages\/206"}],"collection":[{"href":"https:\/\/jesus-inside.de\/index.php?rest_route=\/wp\/v2\/pages"}],"about":[{"href":"https:\/\/jesus-inside.de\/index.php?rest_route=\/wp\/v2\/types\/page"}],"author":[{"embeddable":true,"href":"https:\/\/jesus-inside.de\/index.php?rest_route=\/wp\/v2\/users\/1"}],"replies":[{"embeddable":true,"href":"https:\/\/jesus-inside.de\/index.php?rest_route=%2Fwp%2Fv2%2Fcomments&post=206"}],"version-history":[{"count":8,"href":"https:\/\/jesus-inside.de\/index.php?rest_route=\/wp\/v2\/pages\/206\/revisions"}],"predecessor-version":[{"id":638,"href":"https:\/\/jesus-inside.de\/index.php?rest_route=\/wp\/v2\/pages\/206\/revisions\/638"}],"wp:attachment":[{"href":"https:\/\/jesus-inside.de\/index.php?rest_route=%2Fwp%2Fv2%2Fmedia&parent=206"}],"curies":[{"name":"wp","href":"https:\/\/api.w.org\/{rel}","templated":true}]}}