{"id":817,"date":"2018-10-23T15:08:09","date_gmt":"2018-10-23T15:08:09","guid":{"rendered":"http:\/\/jesus-inside.de\/?page_id=817"},"modified":"2018-10-23T15:37:41","modified_gmt":"2018-10-23T15:37:41","slug":"journal-2","status":"publish","type":"page","link":"http:\/\/jesus-inside.de\/?page_id=817","title":{"rendered":"Liederwerkstatt"},"content":{"rendered":"<div id=\"pl-817\"  class=\"panel-layout\" ><div id=\"pg-817-0\"  class=\"panel-grid panel-no-style\" ><div id=\"pgc-817-0-0\"  class=\"panel-grid-cell\" ><div id=\"panel-817-0-0-0\" class=\"so-panel widget widget_sow-editor panel-first-child\" data-index=\"0\" ><div class=\"so-widget-sow-editor so-widget-sow-editor-base\">\n<div class=\"siteorigin-widget-tinymce textwidget\">\n\t<div><a href=\"http:\/\/jesus-inside.de\/wp-content\/uploads\/2018\/10\/Liederwerkstatt.png\"><img loading=\"lazy\" class=\"size-medium wp-image-818 alignright\" src=\"http:\/\/jesus-inside.de\/wp-content\/uploads\/2018\/10\/Liederwerkstatt-300x170.png\" alt=\"\" width=\"300\" height=\"170\" srcset=\"http:\/\/jesus-inside.de\/wp-content\/uploads\/2018\/10\/Liederwerkstatt-300x170.png 300w, http:\/\/jesus-inside.de\/wp-content\/uploads\/2018\/10\/Liederwerkstatt.png 486w\" sizes=\"(max-width: 300px) 100vw, 300px\" \/><\/a>Zu allen Zeiten haben sich Menschen nicht nur durch Sprache, sondern\u00a0auch durch Musik mitgeteilt. Musik oder Lieder k\u00f6nnen etwas ausdr\u00fccken, was durch die reine Sprache oder den blo\u00dfen Text nicht zug\u00e4nglich ist. Freude und Begeisterung, Trauer und Verzweiflung, Wut und Schmerz sind Gef\u00fchle, die durch Lieder viel mehr auf unmittelbare Weise mitgeteilt werden k\u00f6nnen. So sind die Psalmen aus der Bibel nicht nur poetische und gef\u00fchlsstarke Zeilen, sondern waren in ihrer Urspr\u00fcnglichkeit gesungene Lieder, wobei die Noten bzw. die Musik leider nicht schriftlich \u00fcberliefert wurden und uns somit verloren gegangen sind.<\/div>\n<div>Jede Zeit und jede Kultur hat ihre typische Musik hervorgebracht, die wir manchmal sogar danach benannt haben, \u00e4hnlich wie in der Kunst, wobei die K\u00fcnstler durch ihr Werk etwas zum Ausdruck gebracht haben, was ihre Seele bewegte. Diese Kunstwerke dr\u00fccken oft die Gef\u00fchle und Spannungen in Beziehungen zwischen Menschen, zur Umwelt, zu sich selber und beim gl\u00e4ubigen Menschen auch die Beziehung zu Gott aus. Sie spiegeln diese Themen auf unterschiedlichste, kreativere und ausdrucksst\u00e4rkere Art und Weise wieder als eben nur das gesprochene oder gedruckte Wort. Ein Kunstwerk redet aus sich selbst, es will sich nicht nur durch Sprache, sondern eben unmittelbarer aus der Tiefe der Seele mitteilen. Jedes Kunstwerk ist ein Code, das seine Empf\u00e4nger sucht und findet, einer ist tief davon ber\u00fchrt, ein anderer sp\u00fcrt dabei rein gar nichts, ihm ist die Begeisterung f\u00fcr dieses Werk, f\u00fcr dieses Lied manchmal sogar ein Unding. Da wir auf verschiedenen \u201eWellenl\u00e4ngen\u201c ticken, sind wir f\u00fcr die eine Art besonders empf\u00e4nglich, eine andere Art geht zum einen Ohr rein und zum anderen wieder heraus.<\/div>\n<div>Die Liederwerkstatt ist ein Ort, wo ich mich anderen nicht nur durch Sprache, wie in meinen Artikeln und B\u00fcchern, sondern in meinen Gedanken und Gef\u00fchlen viel unmittelbarer mitteilen kann. Durch die moderne Technik ist es heute schon mit wenigen Mitteln m\u00f6glich, Lieder nicht nur durch Notenbl\u00e4tter und Texte weiterzugeben, sondern in der Tat mit den unterschiedlichsten Kl\u00e4ngen bzw. Instrumenten etwas Unmittelbares f\u00fcr das Ohr bzw. f\u00fcr die Seele zum Ausdruck zu bringen.<\/div>\n<div>Nachdem mir jemand mitteilet, dass er ein Fan meiner Lieder ist \u2013 obwohl meine Stimme doch ihre Grenzen hat und nach meinem Empfinden eher mittelm\u00e4\u00dfig ist \u2013 k\u00f6nnte es ja \u201eda drau\u00dfen\u201c noch andere geben, die auf dieser \u201eWellenl\u00e4nge\u201c ticken und f\u00fcr die diese \u201eKunst\u201c empf\u00e4nglich sind und es ihnen einfach gut tut.<\/div>\n<div>Die Liederwerkstatt ist kein Ort, die kommerzielle oder finanzielle Ziele verfolgt, ganz im Gegenteil. Die Lieder, die Melodien, die fertig arrangierten Songs k\u00f6nnen f\u00fcr eigene private Zwecke, f\u00fcr die Kleingruppe oder sonstige Veranstaltungen wie Gottesdienste frei verwendet werden, das Urheberrecht bleibt allerdings bei mir.<\/div>\n<div>In der Regel wird f\u00fcr jedes Lied folgendes in die Liederwerkstatt eingestellt:<\/div>\n<ol>\n<li>Das Notenblatt [*pdf A5]<\/li>\n<li>Die Notenabfolge als MP3 Datei<\/li>\n<li>Der fertig arrangierte Song<\/li>\n<li>Der Text f\u00fcr den Beamer als Powerpoint Datei<\/li>\n<li>Song und Text als MP4 Datei<\/li>\n<\/ol>\n<div>Die Lieder erscheinen in unregelm\u00e4\u00dfigen Abst\u00e4nden und werden dann in die Liederwerkstatt eingestellt. In diesem Sinne den einen oder anderen ber\u00fchrenden Moment beim Hinh\u00f6ren w\u00fcnscht euch von Herzen<\/div>\n<div><\/div>\n<div>G\u00fcnter von jesus-inside.de<\/div>\n<\/div>\n<\/div><\/div><div id=\"panel-817-0-0-1\" class=\"so-panel widget widget_siteorigin-panels-postloop panel-last-child\" data-index=\"1\" >\n<div class=\"ultra-left-thumb-loop\">\n\t\n\t<article id=\"post-860\" class=\"post-860 post type-post status-publish format-standard hentry category-liederwerkstatt\">\n\t\t\t\t<header class=\"entry-header\">\n\t\t\t<h2 class=\"entry-title\"><a href=\"http:\/\/jesus-inside.de\/?p=860\" rel=\"bookmark\">Deinen Frieden bringst du mir<\/a><\/h2>\n\t\t\t\t\t\t<div class=\"entry-meta\">\n\t\t\t\t<div class=\"entry-meta-inner\"><span class=\"entry-date\"><a href=\"http:\/\/jesus-inside.de\/?p=860\" rel=\"bookmark\"><time class=\"published\" datetime=\"2018-10-23T15:59:31+00:00\">23 Oktober 2018<\/time><time class=\"updated\" datetime=\"2018-10-23T16:12:49+00:00\">Oktober 23, 2018<\/time><\/span><\/a><\/div>\t\t\t<\/div><!-- .entry-meta -->\n\t\t\t\t\t<\/header><!-- .entry-header -->\n\n\t\t<div class=\"entry-content\">\n\t\t\t<ol>\n<li><a href=\"http:\/\/jesus-inside.de\/wp-content\/uploads\/2018\/10\/Deinen-Frieden-Notenblatt-A5.pdf\">Das Notenblatt [*pdf A5]<\/a><\/li>\n<li><a href=\"http:\/\/jesus-inside.de\/wp-content\/uploads\/2018\/10\/Deinen-Frieden-Melodie.mp3\">Die Notenabfolge als MP3 Datei<\/a><\/li>\n<li><a href=\"http:\/\/jesus-inside.de\/wp-content\/uploads\/2018\/10\/Deinen-Frieden-Song-und-Arrangement-Mai-2018.mp3\">Der fertig arrangierte Song<\/a><\/li>\n<li><a href=\"http:\/\/jesus-inside.de\/wp-content\/uploads\/2018\/10\/Deinen-Frieden-Beamerpr\u00e4sentation.pptx\">Der Text f\u00fcr den Beamer als Powerpoint Datei<\/a><\/li>\n<li><a href=\"https:\/\/youtu.be\/JCRuoDoAkyk\">Song und Text als MP4 Datei<\/a><\/li>\n<\/ol>\n\n\t\t\t\t\t<\/div><!-- .entry-content -->\n\n\t\t<div class=\"clear\"><\/div>\n\n\t\t<footer class=\"entry-footer\">\n\t\t\t\t\t<\/footer><!-- .entry-footer -->\n\n\t<\/article><!-- #post-## -->\n\n\t\t\n\t<article id=\"post-858\" class=\"post-858 post type-post status-publish format-standard hentry category-liederwerkstatt\">\n\t\t\t\t<header class=\"entry-header\">\n\t\t\t<h2 class=\"entry-title\"><a href=\"http:\/\/jesus-inside.de\/?p=858\" rel=\"bookmark\">Du bist es der jeden Rahmen sprengt<\/a><\/h2>\n\t\t\t\t\t\t<div class=\"entry-meta\">\n\t\t\t\t<div class=\"entry-meta-inner\"><span class=\"entry-date\"><a href=\"http:\/\/jesus-inside.de\/?p=858\" rel=\"bookmark\"><time class=\"published\" datetime=\"2018-10-23T15:58:50+00:00\">23 Oktober 2018<\/time><time class=\"updated\" datetime=\"2018-10-23T16:16:38+00:00\">Oktober 23, 2018<\/time><\/span><\/a><\/div>\t\t\t<\/div><!-- .entry-meta -->\n\t\t\t\t\t<\/header><!-- .entry-header -->\n\n\t\t<div class=\"entry-content\">\n\t\t\t<ol>\n<li><a href=\"http:\/\/jesus-inside.de\/wp-content\/uploads\/2018\/10\/Du-bist-es-der-jeden-Rahmen-sprengt-Notenblatt-mit-Liedtext.pdf\">Das Notenblatt [*pdf A5]<\/a><\/li>\n<li><a href=\"http:\/\/jesus-inside.de\/wp-content\/uploads\/2018\/10\/Du-bist-es-der-jeden-Rahmen-sprengt-Song.mp3\">Die Notenabfolge als MP3 Datei<\/a><\/li>\n<li><a href=\"http:\/\/jesus-inside.de\/wp-content\/uploads\/2018\/10\/Du-bist-es-der-jeden-Rahmen-sprengt-Song.mp3\">Der fertig arrangierte Song<\/a><\/li>\n<li>Der Text f\u00fcr den Beamer als Powerpoint Datei<\/li>\n<li>Song und Text als MP4 Datei<\/li>\n<\/ol>\n\n\t\t\t\t\t<\/div><!-- .entry-content -->\n\n\t\t<div class=\"clear\"><\/div>\n\n\t\t<footer class=\"entry-footer\">\n\t\t\t\t\t<\/footer><!-- .entry-footer -->\n\n\t<\/article><!-- #post-## -->\n\n\t\t\n\t<article id=\"post-856\" class=\"post-856 post type-post status-publish format-standard hentry category-liederwerkstatt\">\n\t\t\t\t<header class=\"entry-header\">\n\t\t\t<h2 class=\"entry-title\"><a href=\"http:\/\/jesus-inside.de\/?p=856\" rel=\"bookmark\">Du erquickst meine Seele oh Herr<\/a><\/h2>\n\t\t\t\t\t\t<div class=\"entry-meta\">\n\t\t\t\t<div class=\"entry-meta-inner\"><span class=\"entry-date\"><a href=\"http:\/\/jesus-inside.de\/?p=856\" rel=\"bookmark\"><time class=\"published\" datetime=\"2018-10-23T15:58:10+00:00\">23 Oktober 2018<\/time><time class=\"updated\" datetime=\"2018-10-23T16:18:47+00:00\">Oktober 23, 2018<\/time><\/span><\/a><\/div>\t\t\t<\/div><!-- .entry-meta -->\n\t\t\t\t\t<\/header><!-- .entry-header -->\n\n\t\t<div class=\"entry-content\">\n\t\t\t<ol>\n<li><a href=\"http:\/\/jesus-inside.de\/wp-content\/uploads\/2018\/10\/Du-erquickst-meine-Seele-o-Herr-Notenblatt-A5.pdf\">Das Notenblatt [*pdf A5]<\/a><\/li>\n<li><a href=\"http:\/\/jesus-inside.de\/wp-content\/uploads\/2018\/10\/Du-erquickst-meine-Seele-o-Herr-Melodie.mp3\">Die Notenabfolge als MP3 Datei<\/a><\/li>\n<li><a href=\"http:\/\/jesus-inside.de\/wp-content\/uploads\/2018\/10\/Du-erquickst-meine-Seele-O-Herr-Song-und-Arrangement-Mai-2018.mp3\">Der fertig arrangierte Song<\/a><\/li>\n<li>Der Text f\u00fcr den Beamer als Powerpoint Datei<\/li>\n<li>Song und Text als MP4 Datei<\/li>\n<\/ol>\n\n\t\t\t\t\t<\/div><!-- .entry-content -->\n\n\t\t<div class=\"clear\"><\/div>\n\n\t\t<footer class=\"entry-footer\">\n\t\t\t\t\t<\/footer><!-- .entry-footer -->\n\n\t<\/article><!-- #post-## -->\n\n\t\t\n\t<article id=\"post-854\" class=\"post-854 post type-post status-publish format-standard hentry category-liederwerkstatt\">\n\t\t\t\t<header class=\"entry-header\">\n\t\t\t<h2 class=\"entry-title\"><a href=\"http:\/\/jesus-inside.de\/?p=854\" rel=\"bookmark\">Ich hebe meine Augen auf<\/a><\/h2>\n\t\t\t\t\t\t<div class=\"entry-meta\">\n\t\t\t\t<div class=\"entry-meta-inner\"><span class=\"entry-date\"><a href=\"http:\/\/jesus-inside.de\/?p=854\" rel=\"bookmark\"><time class=\"published\" datetime=\"2018-10-23T15:57:24+00:00\">23 Oktober 2018<\/time><time class=\"updated\" datetime=\"2018-10-23T15:59:50+00:00\">Oktober 23, 2018<\/time><\/span><\/a><\/div>\t\t\t<\/div><!-- .entry-meta -->\n\t\t\t\t\t<\/header><!-- .entry-header -->\n\n\t\t<div class=\"entry-content\">\n\t\t\t<ol>\n<li>Das Notenblatt [*pdf A5]<\/li>\n<li>Die Notenabfolge als MP3 Datei<\/li>\n<li>Der fertig arrangierte Song<\/li>\n<li>Der Text f\u00fcr den Beamer als Powerpoint Datei<\/li>\n<li>Song und Text als MP4 Datei<\/li>\n<\/ol>\n\n\t\t\t\t\t<\/div><!-- .entry-content -->\n\n\t\t<div class=\"clear\"><\/div>\n\n\t\t<footer class=\"entry-footer\">\n\t\t\t\t\t<\/footer><!-- .entry-footer -->\n\n\t<\/article><!-- #post-## -->\n\n\t\t\n\t<article id=\"post-840\" class=\"post-840 post type-post status-publish format-standard hentry category-liederwerkstatt\">\n\t\t\t\t<header class=\"entry-header\">\n\t\t\t<h2 class=\"entry-title\"><a href=\"http:\/\/jesus-inside.de\/?p=840\" rel=\"bookmark\">Jesus, du der Weinstock<\/a><\/h2>\n\t\t\t\t\t\t<div class=\"entry-meta\">\n\t\t\t\t<div class=\"entry-meta-inner\"><span class=\"entry-date\"><a href=\"http:\/\/jesus-inside.de\/?p=840\" rel=\"bookmark\"><time class=\"published\" datetime=\"2018-10-23T15:37:10+00:00\">23 Oktober 2018<\/time><time class=\"updated\" datetime=\"2018-10-23T15:53:38+00:00\">Oktober 23, 2018<\/time><\/span><\/a><\/div>\t\t\t<\/div><!-- .entry-meta -->\n\t\t\t\t\t<\/header><!-- .entry-header -->\n\n\t\t<div class=\"entry-content\">\n\t\t\t<ol>\n<li><a href=\"http:\/\/jesus-inside.de\/wp-content\/uploads\/2018\/10\/Jesus-du-der-Weinstock-Notenblatt-A5.pdf\">Das Notenblatt [*pdf A5]<\/a><\/li>\n<li><a href=\"http:\/\/jesus-inside.de\/wp-content\/uploads\/2018\/10\/Jesus-du-der-Weinstock-Song-und-Arrangement-Mai-2018.mp3\">Die Notenabfolge als MP3 Datei<\/a><\/li>\n<li><a href=\"http:\/\/jesus-inside.de\/wp-content\/uploads\/2018\/10\/Jesus-du-der-Weinstock-Song-und-Arrangement-Mai-2018-1.mp3\">Der fertig arrangierte Song<\/a><\/li>\n<li><a href=\"http:\/\/jesus-inside.de\/wp-content\/uploads\/2018\/10\/Jesus-du-der-Weinstock-Beamerpr\u00e4sentation.pptx\">Der Text f\u00fcr den Beamer als Powerpoint Datei<\/a><\/li>\n<li><a href=\"https:\/\/youtu.be\/FX6xHqdAFrg\">Song und Text als MP4 Datei<\/a><\/li>\n<\/ol>\n\n\t\t\t\t\t<\/div><!-- .entry-content -->\n\n\t\t<div class=\"clear\"><\/div>\n\n\t\t<footer class=\"entry-footer\">\n\t\t\t\t\t<\/footer><!-- .entry-footer -->\n\n\t<\/article><!-- #post-## -->\n\n\t\n\t<\/div><!-- .ultra-left-thumb-loop -->\n\n\t\n<\/div><\/div><\/div><\/div>","protected":false},"excerpt":{"rendered":"<p>Zu allen Zeiten haben sich Menschen nicht nur durch Sprache, sondern\u00a0auch durch Musik mitgeteilt. Musik oder Lieder k\u00f6nnen etwas ausdr\u00fccken, was durch die reine Sprache oder den blo\u00dfen Text nicht zug\u00e4nglich ist. Freude und Begeisterung, Trauer und Verzweiflung, Wut und Schmerz sind Gef\u00fchle, die durch Lieder viel mehr auf unmittelbare Weise mitgeteilt werden k\u00f6nnen. So&hellip;<\/p>\n","protected":false},"author":1,"featured_media":0,"parent":0,"menu_order":0,"comment_status":"closed","ping_status":"closed","template":"","meta":[],"_links":{"self":[{"href":"http:\/\/jesus-inside.de\/index.php?rest_route=\/wp\/v2\/pages\/817"}],"collection":[{"href":"http:\/\/jesus-inside.de\/index.php?rest_route=\/wp\/v2\/pages"}],"about":[{"href":"http:\/\/jesus-inside.de\/index.php?rest_route=\/wp\/v2\/types\/page"}],"author":[{"embeddable":true,"href":"http:\/\/jesus-inside.de\/index.php?rest_route=\/wp\/v2\/users\/1"}],"replies":[{"embeddable":true,"href":"http:\/\/jesus-inside.de\/index.php?rest_route=%2Fwp%2Fv2%2Fcomments&post=817"}],"version-history":[{"count":22,"href":"http:\/\/jesus-inside.de\/index.php?rest_route=\/wp\/v2\/pages\/817\/revisions"}],"predecessor-version":[{"id":843,"href":"http:\/\/jesus-inside.de\/index.php?rest_route=\/wp\/v2\/pages\/817\/revisions\/843"}],"wp:attachment":[{"href":"http:\/\/jesus-inside.de\/index.php?rest_route=%2Fwp%2Fv2%2Fmedia&parent=817"}],"curies":[{"name":"wp","href":"https:\/\/api.w.org\/{rel}","templated":true}]}}