{"id":115,"date":"2016-01-30T20:31:46","date_gmt":"2016-01-30T20:31:46","guid":{"rendered":"http:\/\/jesus-inside.de\/?page_id=115"},"modified":"2016-11-01T14:53:09","modified_gmt":"2016-11-01T14:53:09","slug":"auf-dem-weg-zu-jesus","status":"publish","type":"page","link":"http:\/\/jesus-inside.de\/?page_id=115","title":{"rendered":"Du bist auf dem Weg&#8230; zu Jesus"},"content":{"rendered":"<div id=\"pl-115\"  class=\"panel-layout\"><div id=\"pg-115-0\"  class=\"panel-grid panel-no-style\"><div id=\"pgc-115-0-0\"  class=\"panel-grid-cell\"><div id=\"panel-115-0-0-0\" class=\"so-panel widget widget_sow-editor panel-first-child\" data-index=\"0\"><div class=\"so-widget-sow-editor so-widget-sow-editor-base\">\n<div class=\"siteorigin-widget-tinymce textwidget\">\n\t<p><a href=\"http:\/\/jesus-inside.de\/wp-content\/uploads\/2016\/03\/zu-Jesus.png\" rel=\"attachment wp-att-194\"><img loading=\"lazy\" class=\" wp-image-194 alignleft\" src=\"http:\/\/jesus-inside.de\/wp-content\/uploads\/2016\/03\/zu-Jesus.png\" alt=\"zu Jesus\" width=\"301\" height=\"200\" srcset=\"http:\/\/jesus-inside.de\/wp-content\/uploads\/2016\/03\/zu-Jesus.png 448w, http:\/\/jesus-inside.de\/wp-content\/uploads\/2016\/03\/zu-Jesus-300x200.png 300w, http:\/\/jesus-inside.de\/wp-content\/uploads\/2016\/03\/zu-Jesus-272x182.png 272w\" sizes=\"(max-width: 301px) 100vw, 301px\" \/><\/a>In diesem Bereich \u00bbDu bist auf dem Weg... zu Jesus\u00ab bist du eingeladen, Jesus kennenzulernen. Einiges davon wird dir vielleicht bekannt vorkommen, anderes wird dagegen f\u00fcr dich erstmal total neu sein. Auf den folgenden Seiten will ich dich auf eine Entdeckungsreise mitnehmen, eine Reise, die dich \u00fcberraschen, aber auch herausfordern wird. Es geht darum, sich nicht nur ein paar hilfreiche Fakten \u00fcber Jesus anzueignen, sondern gleicherma\u00dfen den Kern seiner Mission zu verstehen und was dies f\u00fcr dich und mich pers\u00f6nlich bedeutet. An einer Stelle dr\u00fcckt Jesus sein Anliegen mit folgenden Worten aus:<\/p><\/div><\/div><\/div><\/div><\/div><\/div><p><span class=\"more-wrapper\"><a class=\"more-link button\" href=\"http:\/\/jesus-inside.de\/?p=77\">Weiterlesen<\/a><\/span><\/p>","protected":false},"excerpt":{"rendered":"<p>In diesem Bereich \u00bbDu bist auf dem Weg&#8230; zu Jesus\u00ab bist du eingeladen, Jesus kennenzulernen. Einiges davon wird dir vielleicht bekannt vorkommen, anderes wird dagegen f\u00fcr dich erstmal total neu sein. Auf den folgenden Seiten will ich dich auf eine Entdeckungsreise mitnehmen, eine Reise, die dich \u00fcberraschen, aber auch herausfordern wird. Es geht darum, sich&hellip;<\/p>\n","protected":false},"author":1,"featured_media":0,"parent":0,"menu_order":3,"comment_status":"closed","ping_status":"closed","template":"","meta":[],"_links":{"self":[{"href":"http:\/\/jesus-inside.de\/index.php?rest_route=\/wp\/v2\/pages\/115"}],"collection":[{"href":"http:\/\/jesus-inside.de\/index.php?rest_route=\/wp\/v2\/pages"}],"about":[{"href":"http:\/\/jesus-inside.de\/index.php?rest_route=\/wp\/v2\/types\/page"}],"author":[{"embeddable":true,"href":"http:\/\/jesus-inside.de\/index.php?rest_route=\/wp\/v2\/users\/1"}],"replies":[{"embeddable":true,"href":"http:\/\/jesus-inside.de\/index.php?rest_route=%2Fwp%2Fv2%2Fcomments&post=115"}],"version-history":[{"count":18,"href":"http:\/\/jesus-inside.de\/index.php?rest_route=\/wp\/v2\/pages\/115\/revisions"}],"predecessor-version":[{"id":483,"href":"http:\/\/jesus-inside.de\/index.php?rest_route=\/wp\/v2\/pages\/115\/revisions\/483"}],"wp:attachment":[{"href":"http:\/\/jesus-inside.de\/index.php?rest_route=%2Fwp%2Fv2%2Fmedia&parent=115"}],"curies":[{"name":"wp","href":"https:\/\/api.w.org\/{rel}","templated":true}]}}